{"id":85,"date":"2022-10-01T10:54:20","date_gmt":"2022-10-01T15:54:20","guid":{"rendered":"https:\/\/astronomia.uni.edu.pe\/?page_id=85"},"modified":"2023-03-25T04:03:48","modified_gmt":"2023-03-25T09:03:48","slug":"astrodomo","status":"publish","type":"page","link":"https:\/\/astronomia.uni.edu.pe\/index.php\/aea\/astrodomo\/","title":{"rendered":"Proyectos"},"content":{"rendered":"\n<p>Los proyectos abarcan distintas disciplinas y corresponden a los intereses de los miembros de la agrupaci\u00f3n. Tienen como finalidad profundizar sus conocimientos en temas espec\u00edficos, implementar herramientas y mejorar equipos. Son un mecanismo para desarrollar las capacidades de investigaci\u00f3n y habilidades blandas.  Algunos de los proyectos que se han desarrollado a lo largo de la historia de la agrupaci\u00f3n son los siguientes:<\/p>\n\n\n\n<p>Los miembros de la agrupaci\u00f3n tambi\u00e9n realizan mediciones y c\u00e1lculos, aprovechando los eventos astron\u00f3micos de ocasi\u00f3n, como el tiempo de contacto durante un eclipse o una ocultaci\u00f3n. Se realiza reducci\u00f3n de im\u00e1genes, fotometr\u00eda diferencial, etc.<\/p>\n\n\n\n<h2 class=\"has-background wp-block-heading\" style=\"background:linear-gradient(135deg,rgb(238,238,238) 0%,rgb(196,229,255) 100%)\"><strong>Telescopio S.CH. 78 &#8211; UNI<\/strong><\/h2>\n\n\n\n<div class=\"wp-block-media-text alignfull is-stacked-on-mobile is-vertically-aligned-center has-background\" style=\"background:linear-gradient(135deg,rgb(238,238,238) 0%,rgb(196,229,255) 100%);grid-template-columns:45% auto\"><figure class=\"wp-block-media-text__media\"><img loading=\"lazy\" decoding=\"async\" width=\"426\" height=\"318\" src=\"https:\/\/astronomia.uni.edu.pe\/wp-content\/uploads\/2023\/02\/CHUTO-2.png\" alt=\"\" class=\"wp-image-861 size-full\" srcset=\"https:\/\/astronomia.uni.edu.pe\/wp-content\/uploads\/2023\/02\/CHUTO-2.png 426w, https:\/\/astronomia.uni.edu.pe\/wp-content\/uploads\/2023\/02\/CHUTO-2-300x224.png 300w\" sizes=\"auto, (max-width: 426px) 100vw, 426px\" \/><\/figure><div class=\"wp-block-media-text__content\">\n<div style=\"height:25px\" aria-hidden=\"true\" class=\"wp-block-spacer\"><\/div>\n\n\n\n<p>Este telescopio reflector fue construido \u00edntegramente por Alcides L\u00f3pez, uno de los fundadores del Grupo Astronom\u00eda. El espejo primario tiene un di\u00e1metro de 25 cm. El instrumentos fue presentado en ferias de ciencias para escolares.<\/p>\n\n\n\n<p class=\"has-text-align-center has-extra-small-font-size\"><\/p>\n<\/div><\/div>\n\n\n\n<!--nextpage-->\n\n\n\n<p>Los proyectos abarcan distintas disciplinas y corresponden a los intereses de los miembros de la agrupaci\u00f3n. Tienen como finalidad profundizar sus conocimientos en temas espec\u00edficos, implementar herramientas y mejorar equipos. Son un mecanismo para desarrollar las capacidades de investigaci\u00f3n y habilidades blandas.  Algunos de los proyectos que se han desarrollado a lo largo de la historia de la agrupaci\u00f3n son los siguientes:<\/p>\n\n\n\n<p>Los miembros de la agrupaci\u00f3n tambi\u00e9n realizan mediciones y c\u00e1lculos, aprovechando los eventos astron\u00f3micos de ocasi\u00f3n, como el tiempo de contacto durante un eclipse o una ocultaci\u00f3n. Se realiza reducci\u00f3n de im\u00e1genes, fotometr\u00eda diferencial, etc.<\/p>\n\n\n\n<h2 class=\"has-background wp-block-heading\" style=\"background:linear-gradient(135deg,rgb(238,238,238) 0%,rgb(196,229,255) 100%)\">Reloj solar <\/h2>\n\n\n\n<p><\/p>\n\n\n\n<div class=\"wp-block-media-text alignfull is-stacked-on-mobile is-vertically-aligned-center has-background\" style=\"background:linear-gradient(135deg,rgb(238,238,238) 0%,rgb(196,229,255) 100%)\"><figure class=\"wp-block-media-text__media\"><img loading=\"lazy\" decoding=\"async\" width=\"720\" height=\"540\" src=\"https:\/\/astronomia.uni.edu.pe\/wp-content\/uploads\/2023\/03\/25_IMG_1646_l_web.jpg\" alt=\"\" class=\"wp-image-1109 size-full\" srcset=\"https:\/\/astronomia.uni.edu.pe\/wp-content\/uploads\/2023\/03\/25_IMG_1646_l_web.jpg 720w, https:\/\/astronomia.uni.edu.pe\/wp-content\/uploads\/2023\/03\/25_IMG_1646_l_web-300x225.jpg 300w\" sizes=\"auto, (max-width: 720px) 100vw, 720px\" \/><\/figure><div class=\"wp-block-media-text__content\">\n<div style=\"height:25px\" aria-hidden=\"true\" class=\"wp-block-spacer\"><\/div>\n\n\n\n<p>Est\u00e1 ubicado en el jard\u00edn de la Facultad de Ciencias de la UNI. Fue construido a iniciativa del profesor Alcidez L\u00f3pez en el a\u00f1o 1987. El mantenimiento se realiza de forma periodica por los integrantesde la agrupaci\u00f3n, previa coordinaci\u00f3n con lo facultad.<\/p>\n\n\n\n<p class=\"has-text-align-center has-extra-small-font-size\"><\/p>\n<\/div><\/div>\n\n\n\n<!--nextpage-->\n\n\n\n<p>Los proyectos abarcan distintas disciplinas y corresponden a los intereses de los miembros de la agrupaci\u00f3n. Tienen como finalidad profundizar sus conocimientos en temas espec\u00edficos, implementar herramientas y mejorar equipos. Son un mecanismo para desarrollar las capacidades de investigaci\u00f3n y habilidades blandas.  Algunos de los proyectos que se han desarrollado a lo largo de la historia de la agrupaci\u00f3n son los siguientes:<\/p>\n\n\n\n<p>Los miembros de la agrupaci\u00f3n tambi\u00e9n realizan mediciones y c\u00e1lculos, aprovechando los eventos astron\u00f3micos de ocasi\u00f3n, como el tiempo de contacto durante un eclipse o una ocultaci\u00f3n. Se realiza reducci\u00f3n de im\u00e1genes, fotometr\u00eda diferencial, etc.<\/p>\n\n\n\n<h2 class=\"has-background wp-block-heading\" style=\"background:linear-gradient(135deg,rgb(238,238,238) 0%,rgb(196,229,255) 99%)\">Planeatario m\u00f3vil<\/h2>\n\n\n\n<div class=\"wp-block-media-text alignfull is-stacked-on-mobile is-vertically-aligned-center has-background\" style=\"background:linear-gradient(135deg,rgb(238,238,238) 0%,rgb(196,229,255) 100%);grid-template-columns:36% auto\"><figure class=\"wp-block-media-text__media\"><img loading=\"lazy\" decoding=\"async\" width=\"392\" height=\"391\" src=\"https:\/\/astronomia.uni.edu.pe\/wp-content\/uploads\/2023\/03\/planetario3.jpg\" alt=\"\" class=\"wp-image-1111 size-full\" srcset=\"https:\/\/astronomia.uni.edu.pe\/wp-content\/uploads\/2023\/03\/planetario3.jpg 392w, https:\/\/astronomia.uni.edu.pe\/wp-content\/uploads\/2023\/03\/planetario3-300x300.jpg 300w, https:\/\/astronomia.uni.edu.pe\/wp-content\/uploads\/2023\/03\/planetario3-150x150.jpg 150w, https:\/\/astronomia.uni.edu.pe\/wp-content\/uploads\/2023\/03\/planetario3-70x70.jpg 70w, https:\/\/astronomia.uni.edu.pe\/wp-content\/uploads\/2023\/03\/planetario3-246x246.jpg 246w, https:\/\/astronomia.uni.edu.pe\/wp-content\/uploads\/2023\/03\/planetario3-276x276.jpg 276w, https:\/\/astronomia.uni.edu.pe\/wp-content\/uploads\/2023\/03\/planetario3-125x125.jpg 125w\" sizes=\"auto, (max-width: 392px) 100vw, 392px\" \/><\/figure><div class=\"wp-block-media-text__content\">\n<div style=\"height:25px\" aria-hidden=\"true\" class=\"wp-block-spacer\"><\/div>\n\n\n\n<p>Orlando Martinez dise\u00f1o y construy\u00f3 una estructura met\u00e1lica comoa base para una planetario. El proyecto se present\u00f3 en el&nbsp;<strong>I Concurso de Dise\u00f1o de Experimentos.<\/strong> Se agradece la ayuda de Erick Meza, Nobar Baella, Carlos Olivares, Juan Sotelo, Javier Pachas y Antonio Dalmau<\/p>\n\n\n\n<p class=\"has-text-align-center has-extra-small-font-size\"><\/p>\n<\/div><\/div>\n\n\n\n<!--nextpage-->\n\n\n\n<p>Los proyectos abarcan distintas disciplinas y corresponden a los intereses de los miembros de la agrupaci\u00f3n. Tienen como finalidad profundizar sus conocimientos en temas espec\u00edficos, implementar herramientas y mejorar equipos. Son un mecanismo para desarrollar las capacidades de investigaci\u00f3n y habilidades blandas.  Algunos de los proyectos que se han desarrollado a lo largo de la historia de la agrupaci\u00f3n son los siguientes:<\/p>\n\n\n\n<p>Los miembros de la agrupaci\u00f3n tambi\u00e9n realizan mediciones y c\u00e1lculos, aprovechando los eventos astron\u00f3micos de ocasi\u00f3n, como el tiempo de contacto durante un eclipse o una ocultaci\u00f3n. Se realiza reducci\u00f3n de im\u00e1genes, fotometr\u00eda diferencial, etc.<\/p>\n\n\n\n<h2 class=\"has-background wp-block-heading\" style=\"background:linear-gradient(135deg,rgb(238,238,238) 0%,rgb(196,229,255) 100%)\">Sistema Electr\u00f3nico de Enfoque (SEE)<\/h2>\n\n\n\n<div class=\"wp-block-media-text alignfull is-stacked-on-mobile is-vertically-aligned-center has-background\" style=\"background:linear-gradient(135deg,rgb(238,238,238) 0%,rgb(196,229,255) 100%);grid-template-columns:48% auto\"><figure class=\"wp-block-media-text__media\"><img loading=\"lazy\" decoding=\"async\" width=\"280\" height=\"204\" src=\"https:\/\/astronomia.uni.edu.pe\/wp-content\/uploads\/2023\/02\/SEE-1.png\" alt=\"\" class=\"wp-image-873 size-full\"\/><\/figure><div class=\"wp-block-media-text__content\">\n<div style=\"height:25px\" aria-hidden=\"true\" class=\"wp-block-spacer\"><\/div>\n\n\n\n<p>Fue desarrollado por Antonio Dalmau y permiti\u00f3 controlar el enfoque del telescopio Celestron Celestar 8 mediante un sistema mec\u00e1nico-el\u00e9ctrico que gire de manera precisa la perilla de enfoque.<\/p>\n\n\n\n<p class=\"has-text-align-center has-extra-small-font-size\"><\/p>\n<\/div><\/div>\n\n\n\n<!--nextpage-->\n\n\n\n<p>Los proyectos abarcan distintas disciplinas y corresponden a los intereses de los miembros de la agrupaci\u00f3n. Tienen como finalidad profundizar sus conocimientos en temas espec\u00edficos, implementar herramientas y mejorar equipos. Son un mecanismo para desarrollar las capacidades de investigaci\u00f3n y habilidades blandas.  Algunos de los proyectos que se han desarrollado a lo largo de la historia de la agrupaci\u00f3n son los siguientes:<\/p>\n\n\n\n<p>Los miembros de la agrupaci\u00f3n tambi\u00e9n realizan mediciones y c\u00e1lculos, aprovechando los eventos astron\u00f3micos de ocasi\u00f3n, como el tiempo de contacto durante un eclipse o una ocultaci\u00f3n. Se realiza reducci\u00f3n de im\u00e1genes, fotometr\u00eda diferencial, etc.<\/p>\n\n\n\n<h2 class=\"has-background wp-block-heading\" style=\"background:linear-gradient(135deg,rgb(238,238,238) 0%,rgb(196,229,255) 100%)\">Medici\u00f3n de linealidad CCD <\/h2>\n\n\n\n<div class=\"wp-block-media-text alignfull is-stacked-on-mobile is-vertically-aligned-center has-background\" style=\"background:linear-gradient(135deg,rgb(238,238,238) 0%,rgb(196,229,255) 100%);grid-template-columns:40% auto\"><figure class=\"wp-block-media-text__media\"><img loading=\"lazy\" decoding=\"async\" width=\"638\" height=\"502\" src=\"https:\/\/astronomia.uni.edu.pe\/wp-content\/uploads\/2023\/03\/linealidad.gif\" alt=\"\" class=\"wp-image-1112 size-full\"\/><\/figure><div class=\"wp-block-media-text__content\">\n<div style=\"height:25px\" aria-hidden=\"true\" class=\"wp-block-spacer\"><\/div>\n\n\n\n<p>Fue desarrollado por Antonio Dalmau y permiti\u00f3 controlar el enfoque del telescopio Celestron Celestar 8 mediante un sistema mec\u00e1nico-el\u00e9ctrico que gire de manera precisa la perilla de enfoque<\/p>\n\n\n\n<p class=\"has-text-align-center has-extra-small-font-size\"><\/p>\n<\/div><\/div>\n\n\n\n<!--nextpage-->\n\n\n\n<p>Los proyectos abarcan distintas disciplinas y corresponden a los intereses de los miembros de la agrupaci\u00f3n. Tienen como finalidad profundizar sus conocimientos en temas espec\u00edficos, implementar herramientas y mejorar equipos. Son un mecanismo para desarrollar las capacidades de investigaci\u00f3n y habilidades blandas.  Algunos de los proyectos que se han desarrollado a lo largo de la historia de la agrupaci\u00f3n son los siguientes:<\/p>\n\n\n\n<p>Los miembros de la agrupaci\u00f3n tambi\u00e9n realizan mediciones y c\u00e1lculos, aprovechando los eventos astron\u00f3micos de ocasi\u00f3n, como el tiempo de contacto durante un eclipse o una ocultaci\u00f3n. Se realiza reducci\u00f3n de im\u00e1genes, fotometr\u00eda diferencial, etc.<\/p>\n\n\n\n<h2 class=\"has-background wp-block-heading\" style=\"background:linear-gradient(135deg,rgb(238,238,238) 0%,rgb(196,229,255) 100%)\">Medici\u00f3n de SEEING<\/h2>\n\n\n\n<div class=\"wp-block-media-text alignfull is-stacked-on-mobile is-vertically-aligned-center has-background\" style=\"background:linear-gradient(135deg,rgb(238,238,238) 0%,rgb(196,229,255) 100%);grid-template-columns:38% auto\"><figure class=\"wp-block-media-text__media\"><img loading=\"lazy\" decoding=\"async\" width=\"281\" height=\"204\" src=\"https:\/\/astronomia.uni.edu.pe\/wp-content\/uploads\/2023\/03\/6.png\" alt=\"\" class=\"wp-image-1113 size-full\"\/><\/figure><div class=\"wp-block-media-text__content\">\n<div style=\"height:25px\" aria-hidden=\"true\" class=\"wp-block-spacer\"><\/div>\n\n\n\n<p>El seeing es un par\u00e1metro para indicar la calidad de cielo y que caracteriza las condiciones atm\u00f3sfericas del cielo. Miembros del grupo han realizado observaciones astron\u00f3micas en el observatorio de Huancayo para cuantificar el seeing.<\/p>\n\n\n\n<p class=\"has-text-align-center has-extra-small-font-size\"><\/p>\n<\/div><\/div>\n\n\n\n<!--nextpage-->\n\n\n\n<p>Los proyectos abarcan distintas disciplinas y corresponden a los intereses de los miembros de la agrupaci\u00f3n. Tienen como finalidad profundizar sus conocimientos en temas espec\u00edficos, implementar herramientas y mejorar equipos. Son un mecanismo para desarrollar las capacidades de investigaci\u00f3n y habilidades blandas.  Algunos de los proyectos que se han desarrollado a lo largo de la historia de la agrupaci\u00f3n son los siguientes:<\/p>\n\n\n\n<p>Los miembros de la agrupaci\u00f3n tambi\u00e9n realizan mediciones y c\u00e1lculos, aprovechando los eventos astron\u00f3micos de ocasi\u00f3n, como el tiempo de contacto durante un eclipse o una ocultaci\u00f3n. Se realiza reducci\u00f3n de im\u00e1genes, fotometr\u00eda diferencial, etc.<\/p>\n\n\n\n<h2 class=\"has-background wp-block-heading\" style=\"background:linear-gradient(135deg,rgb(238,238,238) 0%,rgb(196,229,255) 100%)\">Detecci\u00f3n de Supernovas desde el OAUNI<\/h2>\n\n\n\n<div class=\"wp-block-media-text alignfull is-stacked-on-mobile is-vertically-aligned-center has-background\" style=\"background:linear-gradient(135deg,rgb(238,238,238) 0%,rgb(196,229,255) 100%);grid-template-columns:40% auto\"><figure class=\"wp-block-media-text__media\"><img loading=\"lazy\" decoding=\"async\" width=\"280\" height=\"203\" src=\"https:\/\/astronomia.uni.edu.pe\/wp-content\/uploads\/2023\/03\/7.png\" alt=\"\" class=\"wp-image-1114 size-full\"\/><\/figure><div class=\"wp-block-media-text__content\">\n<div style=\"height:25px\" aria-hidden=\"true\" class=\"wp-block-spacer\"><\/div>\n\n\n\n<p>Se redujeron y analizaron im\u00e1genes obtenidas por el OAUNI del sistema SN2016cvk mediante el uso del software astron\u00f3mico IRAF. El proyecto busc\u00f3 a\u00f1adir mediciones a la curva de luz de la supernova.<\/p>\n\n\n\n<p class=\"has-text-align-center has-extra-small-font-size\"><\/p>\n<\/div><\/div>\n\n\n\n<!--nextpage-->\n\n\n\n<p>Los proyectos abarcan distintas disciplinas y corresponden a los intereses de los miembros de la agrupaci\u00f3n. Tienen como finalidad profundizar sus conocimientos en temas espec\u00edficos, implementar herramientas y mejorar equipos. Son un mecanismo para desarrollar las capacidades de investigaci\u00f3n y habilidades blandas.  Algunos de los proyectos que se han desarrollado a lo largo de la historia de la agrupaci\u00f3n son los siguientes:<\/p>\n\n\n\n<p>Los miembros de la agrupaci\u00f3n tambi\u00e9n realizan mediciones y c\u00e1lculos, aprovechando los eventos astron\u00f3micos de ocasi\u00f3n, como el tiempo de contacto durante un eclipse o una ocultaci\u00f3n. Se realiza reducci\u00f3n de im\u00e1genes, fotometr\u00eda diferencial, etc.<\/p>\n\n\n\n<h2 class=\"has-background wp-block-heading\" style=\"background:linear-gradient(135deg,rgb(238,238,238) 0%,rgb(196,229,255) 100%)\">Planetario m\u00f3vil 2<\/h2>\n\n\n\n<div class=\"wp-block-media-text alignfull is-stacked-on-mobile is-vertically-aligned-center has-background\" style=\"background:linear-gradient(135deg,rgb(238,238,238) 0%,rgb(196,229,255) 100%);grid-template-columns:44% auto\"><figure class=\"wp-block-media-text__media\"><img loading=\"lazy\" decoding=\"async\" width=\"280\" height=\"204\" src=\"https:\/\/astronomia.uni.edu.pe\/wp-content\/uploads\/2023\/03\/8.png\" alt=\"\" class=\"wp-image-1115 size-full\"\/><\/figure><div class=\"wp-block-media-text__content\">\n<div style=\"height:25px\" aria-hidden=\"true\" class=\"wp-block-spacer\"><\/div>\n\n\n\n<p>El proyecto busca dise\u00f1ar y construir un planetario trasnsportable. Contempla el dise\u00f1o de la estructura, la superficie de proyecci\u00f3n, la construcci\u00f3n del sistema de proyecci\u00f3n y el desarrollo de las funciones.<\/p>\n\n\n\n<p class=\"has-text-align-center has-extra-small-font-size\"><\/p>\n<\/div><\/div>\n","protected":false},"excerpt":{"rendered":"<p>Los proyectos abarcan distintas disciplinas y corresponden a los intereses de los miembros de la agrupaci\u00f3n. Tienen como finalidad profundizar &hellip; <\/p>\n","protected":false},"author":1,"featured_media":0,"parent":27,"menu_order":0,"comment_status":"closed","ping_status":"closed","template":"","meta":{"footnotes":""},"class_list":["post-85","page","type-page","status-publish","hentry"],"_links":{"self":[{"href":"https:\/\/astronomia.uni.edu.pe\/index.php\/wp-json\/wp\/v2\/pages\/85","targetHints":{"allow":["GET"]}}],"collection":[{"href":"https:\/\/astronomia.uni.edu.pe\/index.php\/wp-json\/wp\/v2\/pages"}],"about":[{"href":"https:\/\/astronomia.uni.edu.pe\/index.php\/wp-json\/wp\/v2\/types\/page"}],"author":[{"embeddable":true,"href":"https:\/\/astronomia.uni.edu.pe\/index.php\/wp-json\/wp\/v2\/users\/1"}],"replies":[{"embeddable":true,"href":"https:\/\/astronomia.uni.edu.pe\/index.php\/wp-json\/wp\/v2\/comments?post=85"}],"version-history":[{"count":21,"href":"https:\/\/astronomia.uni.edu.pe\/index.php\/wp-json\/wp\/v2\/pages\/85\/revisions"}],"predecessor-version":[{"id":1237,"href":"https:\/\/astronomia.uni.edu.pe\/index.php\/wp-json\/wp\/v2\/pages\/85\/revisions\/1237"}],"up":[{"embeddable":true,"href":"https:\/\/astronomia.uni.edu.pe\/index.php\/wp-json\/wp\/v2\/pages\/27"}],"wp:attachment":[{"href":"https:\/\/astronomia.uni.edu.pe\/index.php\/wp-json\/wp\/v2\/media?parent=85"}],"curies":[{"name":"wp","href":"https:\/\/api.w.org\/{rel}","templated":true}]}}