{"id":71,"date":"2022-10-01T10:16:36","date_gmt":"2022-10-01T15:16:36","guid":{"rendered":"https:\/\/astronomia.uni.edu.pe\/?page_id=71"},"modified":"2023-03-25T03:48:25","modified_gmt":"2023-03-25T08:48:25","slug":"miembros","status":"publish","type":"page","link":"https:\/\/astronomia.uni.edu.pe\/index.php\/aea\/miembros\/","title":{"rendered":"\u00bfC\u00f3mo ser parte de la agrupaci\u00f3n?"},"content":{"rendered":"\n<h2 class=\"wp-block-heading\">Proceso de postulaci\u00f3n<\/h2>\n\n\n\n<p>Al inicio de cada periodo acad\u00e9mico, la agrupaci\u00f3n realiza una convocatoria general para los interesados en formar parte del grupo. El aviso se publica en las instalaciones de la facultad, las redes sociales y la p\u00e1gina web. Si bien la convocatoria es abierta al p\u00fablico general, debido a que la agrupaci\u00f3n est\u00e1 adscrita a la facultad de Ciencias de la UNI, oficialmente, un miembro debe ser un estudiante o egresado de dicha facultad; sin embargo, no ser parte de la facultad o universidad no es un limitante para participar e involucrarse de las actividades que se realicen. <\/p>\n\n\n\n<h2 class=\"wp-block-heading\">Tipos de miembros<\/h2>\n\n\n\n<p>La agrupaci\u00f3n est\u00e1 formada por estudiantes de la Universidad Nacional de Ingenier\u00eda, en su mayor\u00eda, estudiantes de la escuela de F\u00edsica de la facultad de Ciencias; egresados que hayan formado parte de la agrupaci\u00f3n en su \u00e9poca estudiantil y un asesor docente de la facultad. La totalidad de integrantes se distribuye en tres categor\u00edas de miembros: miembros adherentes, miembros activos y miembros consultores.<\/p>\n\n\n\n<div class=\"wp-block-group alignwide\"><div class=\"wp-block-group__inner-container is-layout-constrained wp-block-group-is-layout-constrained\">\n<div class=\"wp-block-media-text alignwide has-media-on-the-right is-stacked-on-mobile is-vertically-aligned-center has-background has-medium-font-size\" style=\"background:linear-gradient(135deg,rgb(246,246,246) 0%,rgb(219,242,254) 100%);grid-template-columns:auto 27%\"><div class=\"wp-block-media-text__content\">\n<div class=\"wp-block-group is-vertical is-layout-flex wp-container-core-group-is-layout-32a109f9 wp-block-group-is-layout-flex\" style=\"padding-top:2em;padding-right:2em;padding-bottom:2em;padding-left:2em\">\n<p style=\"font-size:36px;line-height:1.2\"><strong><strong>Miembros adherentes<\/strong><\/strong><\/p>\n\n\n\n<p class=\"has-extra-small-font-size\">Conformado por estudiantes de la UNI, que han completado su proceso de postulaci\u00f3n durante un periodo acad\u00e9mico. Al finalizar dicho periodo, los estudiantes han presentado una exposici\u00f3n frente a todos los miembros de la agrupaci\u00f3n, incluyendo el asesor.<\/p>\n<\/div>\n<\/div><figure class=\"wp-block-media-text__media\"><img loading=\"lazy\" decoding=\"async\" width=\"715\" height=\"724\" src=\"https:\/\/astronomia.uni.edu.pe\/wp-content\/uploads\/2023\/02\/11.png\" alt=\"\" class=\"wp-image-822 size-full\" srcset=\"https:\/\/astronomia.uni.edu.pe\/wp-content\/uploads\/2023\/02\/11.png 715w, https:\/\/astronomia.uni.edu.pe\/wp-content\/uploads\/2023\/02\/11-296x300.png 296w, https:\/\/astronomia.uni.edu.pe\/wp-content\/uploads\/2023\/02\/11-70x70.png 70w\" sizes=\"auto, (max-width: 715px) 100vw, 715px\" \/><\/figure><\/div>\n<\/div><\/div>\n\n\n\n<p><\/p>\n\n\n\n<div class=\"wp-block-media-text alignwide has-media-on-the-right is-stacked-on-mobile is-vertically-aligned-center has-background has-medium-font-size\" style=\"background:linear-gradient(135deg,rgb(238,238,238) 0%,rgb(174,228,255) 100%);grid-template-columns:auto 27%\"><div class=\"wp-block-media-text__content\">\n<div class=\"wp-block-group is-vertical is-layout-flex wp-container-core-group-is-layout-32a109f9 wp-block-group-is-layout-flex\" style=\"padding-top:2em;padding-right:2em;padding-bottom:2em;padding-left:2em\">\n<p style=\"font-size:36px;line-height:1.2\"><strong>Miembros activos<\/strong><\/p>\n\n\n\n<p class=\"has-extra-small-font-size\">Son los miembros adherentes que han desarrollado un trabajo de investigaci\u00f3n en un t\u00f3pico de astronom\u00eda, astrof\u00edsica o ciencia af\u00edn. Los miembros activos pueden pertenecer a la junta directiva de la agrupaci\u00f3n.<\/p>\n<\/div>\n<\/div><figure class=\"wp-block-media-text__media\"><img loading=\"lazy\" decoding=\"async\" width=\"715\" height=\"724\" src=\"https:\/\/astronomia.uni.edu.pe\/wp-content\/uploads\/2023\/02\/22.png\" alt=\"\" class=\"wp-image-823 size-full\" srcset=\"https:\/\/astronomia.uni.edu.pe\/wp-content\/uploads\/2023\/02\/22.png 715w, https:\/\/astronomia.uni.edu.pe\/wp-content\/uploads\/2023\/02\/22-296x300.png 296w, https:\/\/astronomia.uni.edu.pe\/wp-content\/uploads\/2023\/02\/22-70x70.png 70w\" sizes=\"auto, (max-width: 715px) 100vw, 715px\" \/><\/figure><\/div>\n\n\n\n<p><\/p>\n\n\n\n<div class=\"wp-block-media-text alignwide has-media-on-the-right is-stacked-on-mobile is-vertically-aligned-center has-background has-medium-font-size\" style=\"background:linear-gradient(135deg,rgb(238,238,238) 0%,rgb(79,192,248) 100%);grid-template-columns:auto 27%\"><div class=\"wp-block-media-text__content\">\n<div class=\"wp-block-group is-vertical is-layout-flex wp-container-core-group-is-layout-32a109f9 wp-block-group-is-layout-flex\" style=\"padding-top:2em;padding-right:2em;padding-bottom:2em;padding-left:2em\">\n<p style=\"font-size:36px;line-height:1.2\"><strong>Miembros consultores<\/strong><\/p>\n\n\n\n<p class=\"has-extra-small-font-size\">Son aquellos egresados de la facultad de Ciencias que fueron parte activa de la agrupaci\u00f3n en su \u00e9poca estudiantil. A la fecha, se cuenta con miembros consultores especialistas en diferentes ramas de la Astronom\u00eda, Astrof\u00edsica y Cosmolog\u00eda. <\/p>\n<\/div>\n<\/div><figure class=\"wp-block-media-text__media\"><img loading=\"lazy\" decoding=\"async\" width=\"715\" height=\"724\" src=\"https:\/\/astronomia.uni.edu.pe\/wp-content\/uploads\/2023\/02\/33.png\" alt=\"\" class=\"wp-image-824 size-full\" srcset=\"https:\/\/astronomia.uni.edu.pe\/wp-content\/uploads\/2023\/02\/33.png 715w, https:\/\/astronomia.uni.edu.pe\/wp-content\/uploads\/2023\/02\/33-296x300.png 296w, https:\/\/astronomia.uni.edu.pe\/wp-content\/uploads\/2023\/02\/33-70x70.png 70w\" sizes=\"auto, (max-width: 715px) 100vw, 715px\" \/><\/figure><\/div>\n\n\n\n<p><\/p>\n\n\n\n<p><\/p>\n","protected":false},"excerpt":{"rendered":"<p>Proceso de postulaci\u00f3n Al inicio de cada periodo acad\u00e9mico, la agrupaci\u00f3n realiza una convocatoria general para los interesados en formar &hellip; <\/p>\n","protected":false},"author":1,"featured_media":0,"parent":27,"menu_order":0,"comment_status":"closed","ping_status":"closed","template":"","meta":{"footnotes":""},"class_list":["post-71","page","type-page","status-publish","hentry"],"_links":{"self":[{"href":"https:\/\/astronomia.uni.edu.pe\/index.php\/wp-json\/wp\/v2\/pages\/71","targetHints":{"allow":["GET"]}}],"collection":[{"href":"https:\/\/astronomia.uni.edu.pe\/index.php\/wp-json\/wp\/v2\/pages"}],"about":[{"href":"https:\/\/astronomia.uni.edu.pe\/index.php\/wp-json\/wp\/v2\/types\/page"}],"author":[{"embeddable":true,"href":"https:\/\/astronomia.uni.edu.pe\/index.php\/wp-json\/wp\/v2\/users\/1"}],"replies":[{"embeddable":true,"href":"https:\/\/astronomia.uni.edu.pe\/index.php\/wp-json\/wp\/v2\/comments?post=71"}],"version-history":[{"count":8,"href":"https:\/\/astronomia.uni.edu.pe\/index.php\/wp-json\/wp\/v2\/pages\/71\/revisions"}],"predecessor-version":[{"id":1229,"href":"https:\/\/astronomia.uni.edu.pe\/index.php\/wp-json\/wp\/v2\/pages\/71\/revisions\/1229"}],"up":[{"embeddable":true,"href":"https:\/\/astronomia.uni.edu.pe\/index.php\/wp-json\/wp\/v2\/pages\/27"}],"wp:attachment":[{"href":"https:\/\/astronomia.uni.edu.pe\/index.php\/wp-json\/wp\/v2\/media?parent=71"}],"curies":[{"name":"wp","href":"https:\/\/api.w.org\/{rel}","templated":true}]}}