{"id":64,"date":"2022-10-01T10:05:22","date_gmt":"2022-10-01T15:05:22","guid":{"rendered":"https:\/\/astronomia.uni.edu.pe\/?page_id=64"},"modified":"2023-03-25T03:44:08","modified_gmt":"2023-03-25T08:44:08","slug":"historia","status":"publish","type":"page","link":"https:\/\/astronomia.uni.edu.pe\/index.php\/nosotros\/historia\/","title":{"rendered":"Historia"},"content":{"rendered":"\n<p>Popularmente, los cometas son conocidos como bolas de roca y nieve que brillan mientras atraviesan el cielo y que adem\u00e1s, presentan una enorme cola visible, por lo que su observaci\u00f3n causa expectativas en el p\u00fablico en general. Estos viajeros espaciales presentan diferentes caracter\u00edscas y no siempre son visibles al ojo humano, sin embargo, la comunidad cient\u00edfica los estudia continuamente ya que son restos primordiales de la formaci\u00f3n de nuestro sistema solar y contienen informaci\u00f3n sobre sus or\u00edgenes. Uno de los cometas m\u00e1s famosos de la historia, es el cometa Halley, que tiene una orbita el\u00edptica y de periodo aproximado de 76 a\u00f1os. <\/p>\n\n\n\n<p><\/p>\n\n\n\n<div class=\"wp-block-columns has-background is-layout-flex wp-container-core-columns-is-layout-9d6595d7 wp-block-columns-is-layout-flex\" style=\"background-color:#abb7c21c\">\n<div class=\"wp-block-column is-layout-flow wp-block-column-is-layout-flow\">\n<figure class=\"wp-block-image size-large is-style-default\"><img loading=\"lazy\" decoding=\"async\" width=\"1024\" height=\"292\" src=\"https:\/\/astronomia.uni.edu.pe\/wp-content\/uploads\/2023\/02\/halley-1-1024x292.png\" alt=\"\" class=\"wp-image-787\" srcset=\"https:\/\/astronomia.uni.edu.pe\/wp-content\/uploads\/2023\/02\/halley-1-1024x292.png 1024w, https:\/\/astronomia.uni.edu.pe\/wp-content\/uploads\/2023\/02\/halley-1-300x86.png 300w, https:\/\/astronomia.uni.edu.pe\/wp-content\/uploads\/2023\/02\/halley-1-768x219.png 768w, https:\/\/astronomia.uni.edu.pe\/wp-content\/uploads\/2023\/02\/halley-1-1536x438.png 1536w, https:\/\/astronomia.uni.edu.pe\/wp-content\/uploads\/2023\/02\/halley-1.png 1543w\" sizes=\"auto, (max-width: 1024px) 100vw, 1024px\" \/><figcaption class=\"wp-element-caption\">En la trayectoria del cometa alrededor del Sol se pueden distinguir dos puntos. El primero, que corresponde a la posici\u00f3n m\u00e1s cercana del cometa al Sol, denominado perihelio, y el segundo, que corresponde a la posici\u00f3n m\u00e1s lejana, llamado afelio.<\/figcaption><\/figure>\n<\/div>\n<\/div>\n\n\n\n<p>En febrero de 1986, el cometa Halley hizo su paso por cielo peruano, movilizando a las personas a lugares con poca contaminaci\u00f3n lum\u00ednica y cielos despejados para su observaci\u00f3n. En la facultad de Ciencias de la UNI, el estudiante Abel Gutarra public\u00f3 un aviso que convocaba a una reuni\u00f3n extraordinaria para crear, por as\u00ed decirlo, un grupo de interesados por la Astronom\u00eda que no dejaran pasar este magno acontecimiento y de paso, formar un grupo s\u00f3lido de aficionados que hicieran algo que nunca antes nadie hab\u00eda hecho en la facultad, formar un grupo estudiantil con el objetivo primario de observar el paso del Halley desde el Per\u00fa. A la reuni\u00f3n asistieron Ricardo Robles Espil, Luis Mallma, A. Alcides Lopez, M. Yuri Ravello, R. Leonidas Ocola, Milagros Ruiz, Antonio Lazo y Guillermo Galindo, todos ellos entusiasmados por la ciencia que estudia los astros, adem\u00e1s de observar al cometa, fundaron al entonces&nbsp;<strong><em>Grupo de Astronom\u00eda y Mec\u00e1nica Celeste<\/em><\/strong>.<\/p>\n\n\n\n<figure class=\"wp-block-image size-large\"><img loading=\"lazy\" decoding=\"async\" width=\"1024\" height=\"771\" src=\"https:\/\/astronomia.uni.edu.pe\/wp-content\/uploads\/2023\/02\/La-oroya-1-1024x771.jpg\" alt=\"\" class=\"wp-image-782\" srcset=\"https:\/\/astronomia.uni.edu.pe\/wp-content\/uploads\/2023\/02\/La-oroya-1-1024x771.jpg 1024w, https:\/\/astronomia.uni.edu.pe\/wp-content\/uploads\/2023\/02\/La-oroya-1-300x226.jpg 300w, https:\/\/astronomia.uni.edu.pe\/wp-content\/uploads\/2023\/02\/La-oroya-1-768x578.jpg 768w, https:\/\/astronomia.uni.edu.pe\/wp-content\/uploads\/2023\/02\/La-oroya-1.jpg 1028w\" sizes=\"auto, (max-width: 1024px) 100vw, 1024px\" \/><figcaption class=\"wp-element-caption\">Primera generaci\u00f3n de miembros de la Asociaci\u00f3n Estudiantil de Astronom\u00edas realizando observaciones desde La Oroya. De izquierda a derecha: Ricardo Camacho, Leonidas Ocola, Luis Mallma, Ricardo Robles y Abel Gutarra.<\/figcaption><\/figure>\n\n\n\n<p>Es asi que, el paso del cometa Halley en el a\u00f1o 1986, nos dej\u00f3 como fecha conmemorativa al <strong>9 de febrero<\/strong>, d\u00eda de la fundaci\u00f3n del grupo, y que coincide con el d\u00eda del paso del cometa por su perihelio.<\/p>\n\n\n\n<div style=\"height:50px\" aria-hidden=\"true\" class=\"wp-block-spacer\"><\/div>\n\n\n\n<h2 class=\"wp-block-heading\">Primeras actividades<\/h2>\n\n\n\n<p>Una vez conformada la agrupaci\u00f3n, se escogi\u00f3 un sistema de organizaci\u00f3n que constaba de un coordinador general, un secretario de econom\u00eda, un secretario de difusi\u00f3n y uno de biblioteca. Durante el primer a\u00f1o de fundaci\u00f3n, la grupaci\u00f3n plante\u00f3 un proyecto de formaci\u00f3n de clubes de astronom\u00eda para escolares, consigui\u00f3 su primer telescopio e inici\u00f3 los c\u00e1lculos de la \u00f3rbita del cometa Wilson. <\/p>\n\n\n\n<div class=\"wp-block-media-text alignwide is-stacked-on-mobile is-image-fill has-background\" style=\"background-color:#abb7c226;grid-template-columns:32% auto\"><figure class=\"wp-block-media-text__media\" style=\"background-image:url(https:\/\/astronomia.uni.edu.pe\/wp-content\/uploads\/2023\/02\/Imagen1-1.jpg);background-position:50% 50%\"><img loading=\"lazy\" decoding=\"async\" width=\"336\" height=\"329\" src=\"https:\/\/astronomia.uni.edu.pe\/wp-content\/uploads\/2023\/02\/Imagen1-1.jpg\" alt=\"\" class=\"wp-image-794 size-full\" srcset=\"https:\/\/astronomia.uni.edu.pe\/wp-content\/uploads\/2023\/02\/Imagen1-1.jpg 336w, https:\/\/astronomia.uni.edu.pe\/wp-content\/uploads\/2023\/02\/Imagen1-1-300x294.jpg 300w, https:\/\/astronomia.uni.edu.pe\/wp-content\/uploads\/2023\/02\/Imagen1-1-70x70.jpg 70w\" sizes=\"auto, (max-width: 336px) 100vw, 336px\" \/><\/figure><div class=\"wp-block-media-text__content\">\n<p><strong>Mayo, 1986<\/strong><br>El registro de una reuni\u00f3n muestra como puntos de agenda, la b\u00fasqueda de diapositivas con contenido astron\u00f3mico en la facultad de Ingenier\u00eda Civil, la preparaci\u00f3n de un curso de astronom\u00eda b\u00e1sica para escolare, la construcci\u00f3n de un reloj solar, la discuci\u00f3n de temas de astronom\u00eda, el desarrollo de un manual de construcci\u00f3n de telescopios, entre otros. <\/p>\n<\/div><\/div>\n\n\n\n<div class=\"wp-block-media-text alignwide is-stacked-on-mobile is-image-fill has-white-background-color has-background\" style=\"grid-template-columns:32% auto\"><figure class=\"wp-block-media-text__media\" style=\"background-image:url(https:\/\/astronomia.uni.edu.pe\/wp-content\/uploads\/2023\/03\/1991-2.jpg);background-position:50% 50%\"><img loading=\"lazy\" decoding=\"async\" width=\"876\" height=\"680\" src=\"https:\/\/astronomia.uni.edu.pe\/wp-content\/uploads\/2023\/03\/1991-2.jpg\" alt=\"\" class=\"wp-image-1095 size-full\" srcset=\"https:\/\/astronomia.uni.edu.pe\/wp-content\/uploads\/2023\/03\/1991-2.jpg 876w, https:\/\/astronomia.uni.edu.pe\/wp-content\/uploads\/2023\/03\/1991-2-300x233.jpg 300w, https:\/\/astronomia.uni.edu.pe\/wp-content\/uploads\/2023\/03\/1991-2-768x596.jpg 768w\" sizes=\"auto, (max-width: 876px) 100vw, 876px\" \/><\/figure><div class=\"wp-block-media-text__content\">\n<p><strong>Julio, 1986<\/strong><br>El Grupo Astronom\u00eda (GA) llev\u00f3 a cabo el Primer Proyecto de Formaci\u00f3n de Clubes Escolares de Astronom\u00eda en ciudades de la sierra central (La Oroya, Tarma, Jauja, La Merced), con subvenci\u00f3n del CONCYTEC. Los miembros reconstruyeron un telescopio refractor de 9 cm de abertura y 80 aumentos pertenenciente a Petroperu. <\/p>\n\n\n\n<p> <\/p>\n<\/div><\/div>\n\n\n\n<div class=\"wp-block-media-text alignwide is-stacked-on-mobile is-image-fill has-background\" style=\"background-color:#abb7c21f;grid-template-columns:32% auto\"><figure class=\"wp-block-media-text__media\" style=\"background-image:url(https:\/\/astronomia.uni.edu.pe\/wp-content\/uploads\/2023\/02\/Imagen2.jpg);background-position:50% 50%\"><img loading=\"lazy\" decoding=\"async\" width=\"522\" height=\"511\" src=\"https:\/\/astronomia.uni.edu.pe\/wp-content\/uploads\/2023\/02\/Imagen2.jpg\" alt=\"\" class=\"wp-image-795 size-full\" srcset=\"https:\/\/astronomia.uni.edu.pe\/wp-content\/uploads\/2023\/02\/Imagen2.jpg 522w, https:\/\/astronomia.uni.edu.pe\/wp-content\/uploads\/2023\/02\/Imagen2-300x294.jpg 300w, https:\/\/astronomia.uni.edu.pe\/wp-content\/uploads\/2023\/02\/Imagen2-70x70.jpg 70w\" sizes=\"auto, (max-width: 522px) 100vw, 522px\" \/><\/figure><div class=\"wp-block-media-text__content\">\n<p><br><strong>Noviembre, 1986<\/strong><br>Se adquiere un telescopio reflector de 4,5&#8243; marca Jason 360 mediante una subvencion de CONCYTEC, con el cual se participa en eventos de difusi\u00f3n, como el Primer Encuentro Escolar Naciona de Ciencia y Tecnolog\u00eda, organizado por CONCYTEC, en el cual se expusieron experimentos de espectroscopia, esfera celeste, observaci\u00f3n solar, etc.<\/p>\n\n\n\n<p> <\/p>\n<\/div><\/div>\n\n\n\n<div style=\"height:50px\" aria-hidden=\"true\" class=\"wp-block-spacer\"><\/div>\n\n\n\n<h2 class=\"wp-block-heading\"><strong>Reconocimiento del Grupo Estudiantil Astronom\u00eda<\/strong><\/h2>\n\n\n\n<p>Los a\u00f1os transcurren y las actividades del grupo se diversifican. Se implementa un laboratorio \u00f3ptico para la construcci\u00f3n de lentes y espejos, con ello se empez\u00f3 el trabajo el pulido de lentes para un telescopio reflector (Proyecto SCH-780). Se hace la observaci\u00f3n del eclipse parcial de Luna de agosto de 1990 y del eclipse de Sol de 1991 que fue total en M\u00e9xico y parcial en el Per\u00fa.<\/p>\n\n\n\n<p>Con el transcurso de los a\u00f1os el grupo se va renovando: unos estudiantes egresan, pero otros vienen para continuar con las actividades de Astronom\u00eda. Se hacen observaciones de las Perse\u00eddas. Se inicia el estudio de los eclipses, con lo cual se obtienen los primeros programas de c\u00e1lculo de eclipses y se realizan viajes al interior del pa\u00eds para observar estos eventos. En 1994, el Grupo Astronom\u00eda viaj\u00f3 al sur para observar el eclipse total de Sol y en 1995 viaj\u00f3 al norte con motivo del eclipse anular de Sol.<\/p>\n\n\n\n<figure class=\"wp-block-gallery aligncenter has-nested-images columns-default is-cropped has-background wp-block-gallery-1 is-layout-flex wp-block-gallery-is-layout-flex\" style=\"background-color:#f2faff\">\n<figure class=\"wp-block-image size-university-zone-featured-course is-style-default\"><img loading=\"lazy\" decoding=\"async\" width=\"370\" height=\"247\" data-id=\"796\" src=\"https:\/\/astronomia.uni.edu.pe\/wp-content\/uploads\/2023\/02\/Cel8a-370x247.jpg\" alt=\"\" class=\"wp-image-796\"\/><\/figure>\n\n\n\n<figure class=\"wp-block-image size-university-zone-featured-course is-style-default\"><img loading=\"lazy\" decoding=\"async\" width=\"370\" height=\"247\" data-id=\"798\" src=\"https:\/\/astronomia.uni.edu.pe\/wp-content\/uploads\/2023\/02\/ga_shuayao1-370x247.jpg\" alt=\"\" class=\"wp-image-798\"\/><\/figure>\n\n\n\n<figure class=\"wp-block-image size-university-zone-featured-course is-style-default\"><img loading=\"lazy\" decoding=\"async\" width=\"370\" height=\"247\" data-id=\"797\" src=\"https:\/\/astronomia.uni.edu.pe\/wp-content\/uploads\/2023\/02\/gapiura2a-370x247.jpg\" alt=\"\" class=\"wp-image-797\"\/><\/figure>\n<\/figure>\n\n\n\n<p><br>Luego de catorce a\u00f1os de realizar actividades, <strong>el 8 de mayo del 2000, la Facultad de Ciencias de la Universidad Nacional de Ingenier\u00eda, seg\u00fan lo acordado en la sesi\u00f3n del Consejo de Facultad del 4 de Mayo del 2000 resuelve mediante Resoluci\u00f3n Decanal No. 037-2000 reconocer el Grupo Estudiantil Astronom\u00eda <\/strong>y aprueba su Estatuto que consta de 10 cap\u00edtulos.  <\/p>\n\n\n\n<div style=\"height:50px\" aria-hidden=\"true\" class=\"wp-block-spacer\"><\/div>\n\n\n\n<h2 class=\"wp-block-heading\"><strong>Visitantes <\/strong><\/h2>\n\n\n\n<p> A lo largo de su historia, la agrupaci\u00f3n ha recibido la visita de importantes personajes de la comunidad cient\u00edfica. Las cuales se han aprovechado para brindar conferencias para el p\u00fablico en general, conferencias para los miembros de la agrupaci\u00f3n, y en algunas ocasiones, realizarles un reconocimiento por su trabajo.<\/p>\n\n\n\n<figure class=\"wp-block-gallery has-nested-images columns-5 is-cropped wp-block-gallery-2 is-layout-flex wp-block-gallery-is-layout-flex\">\n<figure class=\"wp-block-image size-large\"><img loading=\"lazy\" decoding=\"async\" width=\"549\" height=\"566\" data-id=\"812\" src=\"https:\/\/astronomia.uni.edu.pe\/wp-content\/uploads\/2023\/02\/maria11.jpg\" alt=\"\" class=\"wp-image-812\" srcset=\"https:\/\/astronomia.uni.edu.pe\/wp-content\/uploads\/2023\/02\/maria11.jpg 549w, https:\/\/astronomia.uni.edu.pe\/wp-content\/uploads\/2023\/02\/maria11-291x300.jpg 291w\" sizes=\"auto, (max-width: 549px) 100vw, 549px\" \/><\/figure>\n\n\n\n<figure class=\"wp-block-image size-large\"><img loading=\"lazy\" decoding=\"async\" width=\"368\" height=\"378\" data-id=\"902\" src=\"https:\/\/astronomia.uni.edu.pe\/wp-content\/uploads\/2023\/03\/Carreira.png\" alt=\"\" class=\"wp-image-902\" srcset=\"https:\/\/astronomia.uni.edu.pe\/wp-content\/uploads\/2023\/03\/Carreira.png 368w, https:\/\/astronomia.uni.edu.pe\/wp-content\/uploads\/2023\/03\/Carreira-292x300.png 292w\" sizes=\"auto, (max-width: 368px) 100vw, 368px\" \/><\/figure>\n\n\n\n<figure class=\"wp-block-image size-large\"><img loading=\"lazy\" decoding=\"async\" width=\"549\" height=\"566\" data-id=\"815\" src=\"https:\/\/astronomia.uni.edu.pe\/wp-content\/uploads\/2023\/02\/mutsumi11.jpg\" alt=\"\" class=\"wp-image-815\" srcset=\"https:\/\/astronomia.uni.edu.pe\/wp-content\/uploads\/2023\/02\/mutsumi11.jpg 549w, https:\/\/astronomia.uni.edu.pe\/wp-content\/uploads\/2023\/02\/mutsumi11-291x300.jpg 291w\" sizes=\"auto, (max-width: 549px) 100vw, 549px\" \/><\/figure>\n\n\n\n<figure class=\"wp-block-image size-large\"><img loading=\"lazy\" decoding=\"async\" width=\"368\" height=\"378\" data-id=\"833\" src=\"https:\/\/astronomia.uni.edu.pe\/wp-content\/uploads\/2023\/02\/Matsatomi123.jpg\" alt=\"\" class=\"wp-image-833\" srcset=\"https:\/\/astronomia.uni.edu.pe\/wp-content\/uploads\/2023\/02\/Matsatomi123.jpg 368w, https:\/\/astronomia.uni.edu.pe\/wp-content\/uploads\/2023\/02\/Matsatomi123-292x300.jpg 292w\" sizes=\"auto, (max-width: 368px) 100vw, 368px\" \/><\/figure>\n\n\n\n<figure class=\"wp-block-image size-large\"><img loading=\"lazy\" decoding=\"async\" width=\"549\" height=\"566\" data-id=\"813\" src=\"https:\/\/astronomia.uni.edu.pe\/wp-content\/uploads\/2023\/02\/bart11.jpg\" alt=\"\" class=\"wp-image-813\" srcset=\"https:\/\/astronomia.uni.edu.pe\/wp-content\/uploads\/2023\/02\/bart11.jpg 549w, https:\/\/astronomia.uni.edu.pe\/wp-content\/uploads\/2023\/02\/bart11-291x300.jpg 291w\" sizes=\"auto, (max-width: 549px) 100vw, 549px\" \/><\/figure>\n<\/figure>\n","protected":false},"excerpt":{"rendered":"<p>Popularmente, los cometas son conocidos como bolas de roca y nieve que brillan mientras atraviesan el cielo y que adem\u00e1s, &hellip; <\/p>\n","protected":false},"author":4,"featured_media":0,"parent":6,"menu_order":0,"comment_status":"closed","ping_status":"closed","template":"","meta":{"footnotes":""},"class_list":["post-64","page","type-page","status-publish","hentry"],"_links":{"self":[{"href":"https:\/\/astronomia.uni.edu.pe\/index.php\/wp-json\/wp\/v2\/pages\/64","targetHints":{"allow":["GET"]}}],"collection":[{"href":"https:\/\/astronomia.uni.edu.pe\/index.php\/wp-json\/wp\/v2\/pages"}],"about":[{"href":"https:\/\/astronomia.uni.edu.pe\/index.php\/wp-json\/wp\/v2\/types\/page"}],"author":[{"embeddable":true,"href":"https:\/\/astronomia.uni.edu.pe\/index.php\/wp-json\/wp\/v2\/users\/4"}],"replies":[{"embeddable":true,"href":"https:\/\/astronomia.uni.edu.pe\/index.php\/wp-json\/wp\/v2\/comments?post=64"}],"version-history":[{"count":35,"href":"https:\/\/astronomia.uni.edu.pe\/index.php\/wp-json\/wp\/v2\/pages\/64\/revisions"}],"predecessor-version":[{"id":1227,"href":"https:\/\/astronomia.uni.edu.pe\/index.php\/wp-json\/wp\/v2\/pages\/64\/revisions\/1227"}],"up":[{"embeddable":true,"href":"https:\/\/astronomia.uni.edu.pe\/index.php\/wp-json\/wp\/v2\/pages\/6"}],"wp:attachment":[{"href":"https:\/\/astronomia.uni.edu.pe\/index.php\/wp-json\/wp\/v2\/media?parent=64"}],"curies":[{"name":"wp","href":"https:\/\/api.w.org\/{rel}","templated":true}]}}