{"id":59,"date":"2022-10-01T09:59:50","date_gmt":"2022-10-01T14:59:50","guid":{"rendered":"https:\/\/astronomia.uni.edu.pe\/?page_id=59"},"modified":"2023-02-13T20:17:28","modified_gmt":"2023-02-14T01:17:28","slug":"oauni","status":"publish","type":"page","link":"https:\/\/astronomia.uni.edu.pe\/index.php\/investigacion\/oauni\/","title":{"rendered":"Observatorio Astron\u00f3mico (OAUNI)"},"content":{"rendered":"\n<figure class=\"wp-block-image size-large\"><img loading=\"lazy\" decoding=\"async\" width=\"1024\" height=\"768\" src=\"https:\/\/astronomia.uni.edu.pe\/wp-content\/uploads\/2022\/10\/00.rcos_.IMG_4455-1024x768.jpg\" alt=\"\" class=\"wp-image-320\" srcset=\"https:\/\/astronomia.uni.edu.pe\/wp-content\/uploads\/2022\/10\/00.rcos_.IMG_4455-1024x768.jpg 1024w, https:\/\/astronomia.uni.edu.pe\/wp-content\/uploads\/2022\/10\/00.rcos_.IMG_4455-300x225.jpg 300w, https:\/\/astronomia.uni.edu.pe\/wp-content\/uploads\/2022\/10\/00.rcos_.IMG_4455-768x576.jpg 768w, https:\/\/astronomia.uni.edu.pe\/wp-content\/uploads\/2022\/10\/00.rcos_.IMG_4455-1536x1152.jpg 1536w, https:\/\/astronomia.uni.edu.pe\/wp-content\/uploads\/2022\/10\/00.rcos_.IMG_4455-2048x1536.jpg 2048w\" sizes=\"auto, (max-width: 1024px) 100vw, 1024px\" \/><\/figure>\n\n\n\n<p><\/p>\n\n\n\n<p style=\"font-size:24px\"> <\/p>\n\n\n\n<p style=\"font-size:24px\"><strong>Antecedentes<\/strong><\/p>\n\n\n\n<p><\/p>\n\n\n\n<p>El proyecto de un observatorio astron\u00f3mico para la Universidad Nacional de Ingenier\u00eda se inici\u00f3 a comienzos del 2009. La iniciativa y fuerte colaboraci\u00f3n de los miembros del Grupo Estudiantil de Astronom\u00eda (GA) de la Facultad de Ciencias (FC) de la UNI fue fundamental para este prop\u00f3sito. R\u00e1pidamente el proyecto recibi\u00f3 el apoyo de astr\u00f3nomos profesionales peruanos en el extranjero, siendo la mayor\u00eda de ellos ex-integrantes del GA. <\/p>\n\n\n\n<p>El objetivo fundamental fue dotar a la FC de una facilidad para observaciones astron\u00f3micas de modo que proyectos cient\u00edficos puedan realizarse y tesistas puedan desarrollar trabajos en esta \u00e1rea. En esta misma l\u00ednea, el OAUNI permite apoyar los cursos de astronom\u00eda observacional que existen en el curr\u00edculo de la especialidad de F\u00edsica de la FC. Entre los programas cient\u00edficos prioritarios est\u00e1n la b\u00fasqueda y pruebas de calidad de sitio, fotometr\u00eda estelar incluyendo variabilidad de medio y largo t\u00e9rmino, espectroscopia estelar y polarimetr\u00eda astron\u00f3mica. Eventos astron\u00f3micos de ocasi\u00f3n tales como observaci\u00f3n de supernovas, novas y ocultaciones estelares tambi\u00e9n son considerados. Finalmente, la divulgaci\u00f3n de la astronom\u00eda tambi\u00e9n es beneficiada con el OAUNI. <\/p>\n\n\n\n<p>      <\/p>\n\n\n\n<p style=\"font-size:24px\"><strong>Sitio<\/strong><\/p>\n\n\n\n<p>Dentro de una colaboraci\u00f3n con el \u00e1rea de Astronom\u00eda del Instituto Geof\u00edsico del Per\u00fa (IGP), el OAUNI fue instalado en la sede del IGP de Huancayo en los Andes centrales peruanos (3300 msnm) a comienzos del 2015. <\/p>\n\n\n\n<figure class=\"wp-block-image size-large\"><img loading=\"lazy\" decoding=\"async\" width=\"937\" height=\"408\" src=\"https:\/\/astronomia.uni.edu.pe\/wp-content\/uploads\/2022\/11\/site-edited.jpg\" alt=\"\" class=\"wp-image-509\" srcset=\"https:\/\/astronomia.uni.edu.pe\/wp-content\/uploads\/2022\/11\/site-edited.jpg 937w, https:\/\/astronomia.uni.edu.pe\/wp-content\/uploads\/2022\/11\/site-edited-300x131.jpg 300w, https:\/\/astronomia.uni.edu.pe\/wp-content\/uploads\/2022\/11\/site-edited-768x334.jpg 768w\" sizes=\"auto, (max-width: 937px) 100vw, 937px\" \/><\/figure>\n\n\n\n<p style=\"font-size:24px\"> <br><strong>Tubo \u00d3ptico<\/strong><\/p>\n\n\n\n<div class=\"wp-block-columns is-layout-flex wp-container-core-columns-is-layout-9d6595d7 wp-block-columns-is-layout-flex\">\n<div class=\"wp-block-column is-layout-flow wp-block-column-is-layout-flow\"><\/div>\n<\/div>\n\n\n\n<p>El tubo \u00f3ptico (TO) es la parte m\u00e1s importante del telescopio que compone el OAUNI. El TO del OAUNI es tipo Cassegrain y dise\u00f1o Ritchey-Chr\u00e9tien. El di\u00e1metro del espejo primario es de 0.51m y es manufacturado por la RC Optical Systems (RCOS). Este dise\u00f1o \u00f3ptico est\u00e1 optimizado para eliminar la coma y proporcionar un amplio campo de visi\u00f3n. Sus espejos primario y secundario hiperb\u00f3licos ayudan a este fin. Igualmente el sistema est\u00e1 libre de aberraci\u00f3n esf\u00e9rica y por ser un sistema reflector la aberraci\u00f3n crom\u00e1tica es nula. Por estas caracter\u00edsticas es el tipo de telescopio patr\u00f3n en los observatorios profesionales. Su raz\u00f3n focal f\/8.2 le permite tener un buen compromiso de campo amplio de visi\u00f3n para aplicaciones tipo <em>survey<\/em>.<\/p>\n\n\n\n<figure class=\"wp-block-image size-large\"><img loading=\"lazy\" decoding=\"async\" width=\"1088\" height=\"612\" src=\"https:\/\/astronomia.uni.edu.pe\/wp-content\/uploads\/2022\/11\/20150521_105218.e-edited.jpg\" alt=\"\" class=\"wp-image-494\" srcset=\"https:\/\/astronomia.uni.edu.pe\/wp-content\/uploads\/2022\/11\/20150521_105218.e-edited.jpg 1088w, https:\/\/astronomia.uni.edu.pe\/wp-content\/uploads\/2022\/11\/20150521_105218.e-edited-300x169.jpg 300w, https:\/\/astronomia.uni.edu.pe\/wp-content\/uploads\/2022\/11\/20150521_105218.e-edited-1024x576.jpg 1024w, https:\/\/astronomia.uni.edu.pe\/wp-content\/uploads\/2022\/11\/20150521_105218.e-edited-768x432.jpg 768w\" sizes=\"auto, (max-width: 1088px) 100vw, 1088px\" \/><\/figure>\n\n\n\n<p style=\"font-size:24px\"> <br><strong>Montura rob\u00f3tica<\/strong><\/p>\n\n\n\n<p>El proceso de apuntamiento en un telescopio es realizado a trav\u00e9s de una montura automatizada. El OAUNI cuenta con una montura rob\u00f3tica marca <a href=\"https:\/\/www.bisque.com\/product\/paramount-me-ii-robotic-telescope-system\/\">Paramount modelo ME II<\/a> de alta precisi\u00f3n. Su capacidad de carga es de 109 kg, siendo esto suficiente para soportar el TO y los instrumentos adicionales (c\u00e1mara y filtros). A trav\u00e9s del software apropiado <em><a href=\"https:\/\/www.bisque.com\/product\/theskyx-pro\/\">The Sky Pro<\/a><\/em> que la controla, la precisi\u00f3n en el apuntamiento es no mayor a 30&#8243;. Esto le permite ubicar objetos astron\u00f3micos con suma facilidad.<\/p>\n\n\n\n<figure class=\"wp-block-image size-full\"><img loading=\"lazy\" decoding=\"async\" width=\"444\" height=\"607\" src=\"https:\/\/astronomia.uni.edu.pe\/wp-content\/uploads\/2022\/11\/meii.jpg\" alt=\"\" class=\"wp-image-529\" srcset=\"https:\/\/astronomia.uni.edu.pe\/wp-content\/uploads\/2022\/11\/meii.jpg 444w, https:\/\/astronomia.uni.edu.pe\/wp-content\/uploads\/2022\/11\/meii-219x300.jpg 219w\" sizes=\"auto, (max-width: 444px) 100vw, 444px\" \/><\/figure>\n\n\n\n<p style=\"font-size:24px\"> <\/p>\n\n\n\n<p style=\"font-size:24px\"><strong>Detector<\/strong><\/p>\n\n\n\n<p>La adquisici\u00f3n de im\u00e1genes astron\u00f3micas es realizada digitalmente a trav\u00e9s de una c\u00e1mara con detector CCD. La c\u00e1mara CCD principal del OAUNI es de la marca Santa Barbara Instruments Group (SBIG), modelo <a href=\"https:\/\/www.astroshop.es\/camaras-para-astronomia\/sbig-camara-stxl-6303e-mono\/p,54452\">STXL-6303E<\/a>. Cuenta con un chip de alta sensibilidad de 9micras\/pixel y con un \u00e1rea total de 3072&#215;2048 pixels<sup>2<\/sup>. Su gran tama\u00f1o aunado a la raz\u00f3n focal del TO, permite tener un generoso campo de visi\u00f3n de 23&#8217;x15&#8242;, con una escala de placa de 0.45&#8243;\/pixel. <\/p>\n\n\n\n<figure class=\"wp-block-image size-full\"><img loading=\"lazy\" decoding=\"async\" width=\"533\" height=\"443\" src=\"https:\/\/astronomia.uni.edu.pe\/wp-content\/uploads\/2022\/11\/sbig-1.jpg\" alt=\"\" class=\"wp-image-536\" srcset=\"https:\/\/astronomia.uni.edu.pe\/wp-content\/uploads\/2022\/11\/sbig-1.jpg 533w, https:\/\/astronomia.uni.edu.pe\/wp-content\/uploads\/2022\/11\/sbig-1-300x249.jpg 300w\" sizes=\"auto, (max-width: 533px) 100vw, 533px\" \/><\/figure>\n\n\n\n<p>A la c\u00e1mara se le adapta una rueda de filtros (<a href=\"https:\/\/www.adorama.com\/sbfw8gstxl.html\">SBIG FW8G-STXL<\/a>) que permite colocar filtros \u00f3pticos para separar la luz en longitudes de onda predeterminadas. La rueda permite registrar im\u00e1genes estelares hasta en 8 filtros diferentes. Adicionalmente, esta rueda posee otro detector CCD, de menor tama\u00f1o que el principal, que permite el auto-guiado durante una integraci\u00f3n dada. Para esto se hace uso de la imagen de una estrella gu\u00eda en el campo de visi\u00f3n colateral. Esto, claro, facilita el seguimiento en largas integraciones.<\/p>\n\n\n\n<figure class=\"wp-block-image size-full\"><img loading=\"lazy\" decoding=\"async\" width=\"451\" height=\"406\" src=\"https:\/\/astronomia.uni.edu.pe\/wp-content\/uploads\/2022\/11\/wheel.jpg\" alt=\"\" class=\"wp-image-533\" srcset=\"https:\/\/astronomia.uni.edu.pe\/wp-content\/uploads\/2022\/11\/wheel.jpg 451w, https:\/\/astronomia.uni.edu.pe\/wp-content\/uploads\/2022\/11\/wheel-300x270.jpg 300w\" sizes=\"auto, (max-width: 451px) 100vw, 451px\" \/><\/figure>\n\n\n\n<p style=\"font-size:24px\"> <br><strong>Filtros fotom\u00e9tricos<\/strong><\/p>\n\n\n\n<p>El sistema de filtros fotom\u00e9tricos del OAUNI es el <a href=\"https:\/\/farpointastro.com\/collections\/astrodon\/products\/astrodon-photometrics-johnson-cousins-filters\">Johnson-Cousins (UBVRI)<\/a>, que es el sistema patr\u00f3n cl\u00e1sico  para fotometr\u00eda astron\u00f3mica. Los cinco filtros disponibles se insertan individualmente en la rueda respectiva de modo a poder tomar im\u00e1genes estelares en cada banda espectral. El di\u00e1metro de cada uno de ellos es de 50mm. Su calidad es comprobada para hacer investigaci\u00f3n y su alta transmisi\u00f3n (&gt; 95%) permite la observaci\u00f3n de objetos d\u00e9biles. <\/p>\n\n\n\n<figure class=\"wp-block-image size-full\"><img loading=\"lazy\" decoding=\"async\" width=\"427\" height=\"330\" src=\"https:\/\/astronomia.uni.edu.pe\/wp-content\/uploads\/2022\/11\/filters.jpg\" alt=\"\" class=\"wp-image-520\" srcset=\"https:\/\/astronomia.uni.edu.pe\/wp-content\/uploads\/2022\/11\/filters.jpg 427w, https:\/\/astronomia.uni.edu.pe\/wp-content\/uploads\/2022\/11\/filters-300x232.jpg 300w\" sizes=\"auto, (max-width: 427px) 100vw, 427px\" \/><\/figure>\n\n\n\n<p>Adicionalmente, se cuenta con un segundo conjunto de filtros fotom\u00e9tricos <a href=\"https:\/\/farpointastro.com\/collections\/astrodon\/products\/astrodon-photometrics-sloan-filters\">Sloan<\/a> que es utilizado para programas cient\u00edficos seleccionados. El fabricante de ambos sistemas de filtros es <a href=\"https:\/\/astrodon.com\/\">Astrodon Inc.<\/a><\/p>\n\n\n\n<figure class=\"wp-block-image size-full\"><img loading=\"lazy\" decoding=\"async\" width=\"452\" height=\"340\" src=\"https:\/\/astronomia.uni.edu.pe\/wp-content\/uploads\/2022\/11\/sloan.jpg\" alt=\"\" class=\"wp-image-549\" srcset=\"https:\/\/astronomia.uni.edu.pe\/wp-content\/uploads\/2022\/11\/sloan.jpg 452w, https:\/\/astronomia.uni.edu.pe\/wp-content\/uploads\/2022\/11\/sloan-300x226.jpg 300w\" sizes=\"auto, (max-width: 452px) 100vw, 452px\" \/><\/figure>\n\n\n\n<p style=\"font-size:24px\"> <\/p>\n\n\n\n<p style=\"font-size:24px\"><strong>Primera Luz<\/strong><\/p>\n\n\n\n<p>La primera observaci\u00f3n de un campo estelar a trav\u00e9s del OAUNI se realiz\u00f3 el d\u00eda 20 de mayo del 2015 en el OH. Esto se realiz\u00f3 durante las etapas iniciales del comisionamiento del OAUNI. Esta primera luz se realiz\u00f3 en condiciones que estaban lejos de ser las ideales para observaciones astron\u00f3micas. Excesiva humedad relativa (~70%) y nubosidad presente jugaron en contra de una mejor calidad de imagen.  A pesar de esto, una integraci\u00f3n de 5 segundos revel\u00f3 estrellas bien resueltas hasta magnitud 12. El gran campo de visi\u00f3n de la combinaci\u00f3n tubo \u00f3ptico y c\u00e1mara (RCOS 0.5m + STXL6303E) mostr\u00f3 todo su potencial. En particular, la practicidad de contar con un dispositivo rotador de campo, permiti\u00f3 colocar los ejes del detector CCD orientados al sistema ecuatorial con suma facilidad. Los sistemas de apuntamiento tanto manual como por <em>software<\/em> funcionaron sin mayor problema.<\/p>\n\n\n\n<figure class=\"wp-block-image size-large\"><img loading=\"lazy\" decoding=\"async\" width=\"1024\" height=\"677\" src=\"https:\/\/astronomia.uni.edu.pe\/wp-content\/uploads\/2022\/11\/firstlight.2-1024x677.jpg\" alt=\"\" class=\"wp-image-527\" srcset=\"https:\/\/astronomia.uni.edu.pe\/wp-content\/uploads\/2022\/11\/firstlight.2-1024x677.jpg 1024w, https:\/\/astronomia.uni.edu.pe\/wp-content\/uploads\/2022\/11\/firstlight.2-300x198.jpg 300w, https:\/\/astronomia.uni.edu.pe\/wp-content\/uploads\/2022\/11\/firstlight.2-768x508.jpg 768w, https:\/\/astronomia.uni.edu.pe\/wp-content\/uploads\/2022\/11\/firstlight.2.jpg 1036w\" sizes=\"auto, (max-width: 1024px) 100vw, 1024px\" \/><\/figure>\n\n\n\n<p style=\"font-size:24px\"> <br><strong><a href=\"https:\/\/astronomia.uni.edu.pe\/index.php\/galeria\/\">Galer\u00eda<\/a><\/strong><\/p>\n\n\n\n<p><strong>Contacto<\/strong><\/p>\n\n\n\n<ul class=\"wp-block-list\">\n<li>Dr. Antonio Pereyra (antonio.pereyra.q@gmail.com)<\/li>\n<\/ul>\n\n\n\n<p><strong>Referencias<\/strong><\/p>\n\n\n\n<ul class=\"wp-block-list\">\n<li><strong>Characterizing a CCD detector for astronomical purposes: OAUNI Project<\/strong>, Pereyra, A., Zevallos, M., Ricra, J., &amp; Tello, J. 2016, <a href=\"http:\/\/revistas.uni.edu.pe\/index.php\/tecnia\/article\/view\/54\">Tecnia, 26, 2, 20 <\/a>\u2013 arXiv:1703.04836 [<a href=\"https:\/\/ui.adsabs.harvard.edu\/abs\/2017arXiv170304836P\/abstract\">ADS<\/a>]<\/li>\n\n\n\n<li><strong>UNI Astronomical Observatory \u2013 OAUNI: First light<\/strong>, Pereyra, A., Tello, J., Meza, E., Cori, W., Ricra, J., &amp; Zevallos, M. 2015, <a href=\"http:\/\/www.revistas.uni.edu.pe\/index.php\/revciuni\/article\/view\/962\">REVCIUNI 18, 1, 4<\/a> \u2013 arXiv:1512.03104 [<a href=\"https:\/\/ui.adsabs.harvard.edu\/abs\/2015arXiv151203104P\/abstract\">ADS<\/a>]<\/li>\n\n\n\n<li><strong>OA-UNI: an astronomical observatory at UNI<\/strong>, Pereyra, A., Cori, W., Meza, E., Ricra, J., &amp; Granda, G.,  REVCIUNI, 15, 1, 209, 2012 [<a href=\"https:\/\/drive.google.com\/file\/d\/1GLhL6mmY_Ijpj8xekmftz9fVIh6TeTtm\/view?usp=share_link\">pdf<\/a>]<\/li>\n\n\n\n<li><strong>Project OA-UNI: an Astronomical Observatory at the Peruvian Andes<\/strong>, Meza, E., Ricra, J., &amp; Pereyra, A.,  Abstract Book, Special Session, The International Year of Astronomy, IAU XXVII General Assembly, (p. 407), Rio de Janeiro, 2009, <a href=\"https:\/\/www.dropbox.com\/s\/12rdfdbngxfxu40\/poster_iau_oa-uni.pdf?dl=0\">poster.<\/a><\/li>\n<\/ul>\n\n\n\n<p><strong>Apoyadores<\/strong><\/p>\n\n\n\n<figure class=\"wp-block-image size-full is-resized\"><img loading=\"lazy\" decoding=\"async\" src=\"https:\/\/astronomia.uni.edu.pe\/wp-content\/uploads\/2022\/11\/image-3.png\" alt=\"\" class=\"wp-image-566\" width=\"303\" height=\"99\"\/><\/figure>\n\n\n\n<figure class=\"wp-block-image size-full is-resized\"><img loading=\"lazy\" decoding=\"async\" src=\"https:\/\/astronomia.uni.edu.pe\/wp-content\/uploads\/2022\/11\/image-4.png\" alt=\"\" class=\"wp-image-567\" width=\"569\" height=\"84\" srcset=\"https:\/\/astronomia.uni.edu.pe\/wp-content\/uploads\/2022\/11\/image-4.png 692w, https:\/\/astronomia.uni.edu.pe\/wp-content\/uploads\/2022\/11\/image-4-300x44.png 300w\" sizes=\"auto, (max-width: 569px) 100vw, 569px\" \/><\/figure>\n\n\n\n<figure class=\"wp-block-image size-full is-resized\"><img loading=\"lazy\" decoding=\"async\" src=\"https:\/\/astronomia.uni.edu.pe\/wp-content\/uploads\/2022\/11\/image-5.png\" alt=\"\" class=\"wp-image-568\" width=\"147\" height=\"90\"\/><\/figure>\n\n\n\n<figure class=\"wp-block-image size-full is-resized\"><img loading=\"lazy\" decoding=\"async\" src=\"https:\/\/astronomia.uni.edu.pe\/wp-content\/uploads\/2022\/11\/image-6.png\" alt=\"\" class=\"wp-image-570\" width=\"257\" height=\"84\"\/><\/figure>\n\n\n\n<figure class=\"wp-block-image size-full\"><img loading=\"lazy\" decoding=\"async\" width=\"96\" height=\"68\" src=\"https:\/\/astronomia.uni.edu.pe\/wp-content\/uploads\/2022\/11\/image-7.png\" alt=\"\" class=\"wp-image-576\"\/><\/figure>\n","protected":false},"excerpt":{"rendered":"<p>Antecedentes El proyecto de un observatorio astron\u00f3mico para la Universidad Nacional de Ingenier\u00eda se inici\u00f3 a comienzos del 2009. La &hellip; <\/p>\n","protected":false},"author":1,"featured_media":0,"parent":10,"menu_order":0,"comment_status":"closed","ping_status":"closed","template":"","meta":{"footnotes":""},"class_list":["post-59","page","type-page","status-publish","hentry"],"_links":{"self":[{"href":"https:\/\/astronomia.uni.edu.pe\/index.php\/wp-json\/wp\/v2\/pages\/59","targetHints":{"allow":["GET"]}}],"collection":[{"href":"https:\/\/astronomia.uni.edu.pe\/index.php\/wp-json\/wp\/v2\/pages"}],"about":[{"href":"https:\/\/astronomia.uni.edu.pe\/index.php\/wp-json\/wp\/v2\/types\/page"}],"author":[{"embeddable":true,"href":"https:\/\/astronomia.uni.edu.pe\/index.php\/wp-json\/wp\/v2\/users\/1"}],"replies":[{"embeddable":true,"href":"https:\/\/astronomia.uni.edu.pe\/index.php\/wp-json\/wp\/v2\/comments?post=59"}],"version-history":[{"count":78,"href":"https:\/\/astronomia.uni.edu.pe\/index.php\/wp-json\/wp\/v2\/pages\/59\/revisions"}],"predecessor-version":[{"id":768,"href":"https:\/\/astronomia.uni.edu.pe\/index.php\/wp-json\/wp\/v2\/pages\/59\/revisions\/768"}],"up":[{"embeddable":true,"href":"https:\/\/astronomia.uni.edu.pe\/index.php\/wp-json\/wp\/v2\/pages\/10"}],"wp:attachment":[{"href":"https:\/\/astronomia.uni.edu.pe\/index.php\/wp-json\/wp\/v2\/media?parent=59"}],"curies":[{"name":"wp","href":"https:\/\/api.w.org\/{rel}","templated":true}]}}