{"id":52,"date":"2022-10-01T09:56:11","date_gmt":"2022-10-01T14:56:11","guid":{"rendered":"https:\/\/astronomia.uni.edu.pe\/?page_id=52"},"modified":"2023-02-28T10:56:14","modified_gmt":"2023-02-28T15:56:14","slug":"giaa","status":"publish","type":"page","link":"https:\/\/astronomia.uni.edu.pe\/index.php\/investigacion\/giaa\/","title":{"rendered":"Grupo de Investigaci\u00f3n en Astronom\u00eda y Astrof\u00edsica (GIAA)"},"content":{"rendered":"\n<p><strong>Miembros:<\/strong><\/p>\n\n\n\n<ul class=\"wp-block-list\">\n<li>Mar\u00eda Isela Zevallos Herencia (Investigador Principal &#8211; L\u00edder de Grupo, mzevallosh@uni.edu.pe)<\/li>\n<\/ul>\n\n\n\n<ul class=\"wp-block-list\">\n<li>Julio Tello (Investigador Principal, FC-UNI)<\/li>\n<\/ul>\n\n\n\n<ul class=\"wp-block-list\">\n<li>Antonio Pereyra (Investigador Principal, FC-UNI, IGP)<\/li>\n<\/ul>\n\n\n\n<ul class=\"wp-block-list\">\n<li>Armando Bernui (Investigador Asociado, ON-Brasil)<\/li>\n<\/ul>\n\n\n\n<ul class=\"wp-block-list\">\n<li>William Cori (Investigador Asociado, UNI)<\/li>\n<\/ul>\n\n\n\n<ul class=\"wp-block-list\">\n<li>Miguel Espinoza (Estudiante Pregrado, FC-UNI)<\/li>\n<\/ul>\n\n\n\n<ul class=\"wp-block-list\">\n<li>Pamela Cornejo (Estudiante Postgrado, FC-UNI)<\/li>\n<\/ul>\n\n\n\n<p><strong>Objetivo:<\/strong><\/p>\n\n\n\n<ul class=\"wp-block-list\">\n<li>Desarrollar investigaciones en el campo de la astronom\u00eda y astrof\u00edsica, con \u00e9nfasis en su enfoque observacional, y utilizando las facilidades del Observatorio Astron\u00f3mico de la UNI. Utilizando t\u00e9cnicas fotom\u00e9tricas y espectrosc\u00f3picas desarrollamos estudios de calidad de cielo, variabilidad estelar y objetos transientes de inter\u00e9s astrof\u00edsico. Los programas cient\u00edficos abordados focalizan la formaci\u00f3n de capital humano especializado en astronom\u00eda, as\u00ed como el registro y publicaci\u00f3n de datos astron\u00f3micos observados desde territorio peruano.<\/li>\n<\/ul>\n\n\n\n<p><strong>Proyectos en desarrollo:<\/strong><\/p>\n\n\n\n<ul class=\"wp-block-list\">\n<li><strong><em>Estudios de variabilidad estelar usando fotometr\u00eda astron\u00f3mica de precisi\u00f3n en el Observatorio de Huancayo<\/em><\/strong>, (Convenio 133-2020 Fondecyt, PI: Dr. Antonio Pereyra)\n<ul class=\"wp-block-list\">\n<li><a href=\"https:\/\/astronomia.uni.edu.pe\/wp-content\/uploads\/2023\/02\/anuncio2023.pdf\" data-type=\"attachment\" data-id=\"889\" target=\"_blank\" rel=\"noreferrer noopener\">Oportunidad de beca de maestr\u00eda 2023-I<\/a><\/li>\n<\/ul>\n<\/li>\n<\/ul>\n\n\n\n<p><strong>Proyectos anteriores:<\/strong><\/p>\n\n\n\n<ul class=\"wp-block-list\">\n<li><strong><em>Observaciones astron\u00f3micas de precisi\u00f3n con telescopio rob\u00f3tico en el Observatorio de Huancayo<\/em><\/strong>, (Convenio 102-2015 Fondecyt, PI: Dr. Antonio Pereyra) <\/li>\n<\/ul>\n\n\n\n<p><\/p>\n","protected":false},"excerpt":{"rendered":"<p>Miembros: Objetivo: Proyectos en desarrollo: Proyectos anteriores:<\/p>\n","protected":false},"author":1,"featured_media":328,"parent":10,"menu_order":0,"comment_status":"closed","ping_status":"closed","template":"","meta":{"footnotes":""},"class_list":["post-52","page","type-page","status-publish","has-post-thumbnail","hentry"],"_links":{"self":[{"href":"https:\/\/astronomia.uni.edu.pe\/index.php\/wp-json\/wp\/v2\/pages\/52","targetHints":{"allow":["GET"]}}],"collection":[{"href":"https:\/\/astronomia.uni.edu.pe\/index.php\/wp-json\/wp\/v2\/pages"}],"about":[{"href":"https:\/\/astronomia.uni.edu.pe\/index.php\/wp-json\/wp\/v2\/types\/page"}],"author":[{"embeddable":true,"href":"https:\/\/astronomia.uni.edu.pe\/index.php\/wp-json\/wp\/v2\/users\/1"}],"replies":[{"embeddable":true,"href":"https:\/\/astronomia.uni.edu.pe\/index.php\/wp-json\/wp\/v2\/comments?post=52"}],"version-history":[{"count":19,"href":"https:\/\/astronomia.uni.edu.pe\/index.php\/wp-json\/wp\/v2\/pages\/52\/revisions"}],"predecessor-version":[{"id":891,"href":"https:\/\/astronomia.uni.edu.pe\/index.php\/wp-json\/wp\/v2\/pages\/52\/revisions\/891"}],"up":[{"embeddable":true,"href":"https:\/\/astronomia.uni.edu.pe\/index.php\/wp-json\/wp\/v2\/pages\/10"}],"wp:featuredmedia":[{"embeddable":true,"href":"https:\/\/astronomia.uni.edu.pe\/index.php\/wp-json\/wp\/v2\/media\/328"}],"wp:attachment":[{"href":"https:\/\/astronomia.uni.edu.pe\/index.php\/wp-json\/wp\/v2\/media?parent=52"}],"curies":[{"name":"wp","href":"https:\/\/api.w.org\/{rel}","templated":true}]}}