{"id":27,"date":"2022-10-01T00:07:47","date_gmt":"2022-10-01T05:07:47","guid":{"rendered":"https:\/\/astronomia.uni.edu.pe\/?page_id=27"},"modified":"2024-01-24T17:09:44","modified_gmt":"2024-01-24T22:09:44","slug":"aea","status":"publish","type":"page","link":"https:\/\/astronomia.uni.edu.pe\/index.php\/aea\/","title":{"rendered":"Asociaci\u00f3n Estudiantil de Astronom\u00eda"},"content":{"rendered":"\n<div class=\"wp-block-cover is-light has-small-font-size\" style=\"min-height:172px;aspect-ratio:unset;\"><span aria-hidden=\"true\" class=\"wp-block-cover__background has-background-dim-0 has-background-dim has-background-gradient has-very-light-gray-to-cyan-bluish-gray-gradient-background\"><\/span><img loading=\"lazy\" decoding=\"async\" width=\"1218\" height=\"209\" class=\"wp-block-cover__image-background wp-image-1207\" alt=\"\" src=\"https:\/\/astronomia.uni.edu.pe\/wp-content\/uploads\/2023\/03\/fondo5-4.jpg\" style=\"object-position:57% 56%\" data-object-fit=\"cover\" data-object-position=\"57% 56%\" srcset=\"https:\/\/astronomia.uni.edu.pe\/wp-content\/uploads\/2023\/03\/fondo5-4.jpg 1218w, https:\/\/astronomia.uni.edu.pe\/wp-content\/uploads\/2023\/03\/fondo5-4-300x51.jpg 300w, https:\/\/astronomia.uni.edu.pe\/wp-content\/uploads\/2023\/03\/fondo5-4-1024x176.jpg 1024w, https:\/\/astronomia.uni.edu.pe\/wp-content\/uploads\/2023\/03\/fondo5-4-768x132.jpg 768w\" sizes=\"auto, (max-width: 1218px) 100vw, 1218px\" \/><div class=\"wp-block-cover__inner-container is-layout-flow wp-block-cover-is-layout-flow\">\n<p class=\"has-text-align-right has-large-font-size\"><\/p>\n<\/div><\/div>\n\n\n\n<div style=\"height:50px\" aria-hidden=\"true\" class=\"wp-block-spacer\"><\/div>\n\n\n\n<p>La Asociaci\u00f3n Estudiantil Astronom\u00eda (hasta el a\u00f1o 2018 denominado Grupo Astronom\u00eda) est\u00e1 formado en su mayor\u00eda por estudiantes de la escuela de F\u00edsica de la Universidad Nacional de Ingenier\u00eda, egresados de la misma casa de estudios y un profesor asesor. <br>Desde su creaci\u00f3n muchos estudiantes han formado parte del grupo, varios de ellos son ahora profesores en la <a href=\"http:\/\/fc.uni.edu.pe\/\">Facultad de Ciencias de la UNI<\/a>, investigadores en el Instituto Geof\u00edsico del Per\u00fa (IGP) o en la Comisi\u00f3n Nacional de Investigaci\u00f3n y Desarrollo Aeroespacial (CONIDA) e instituciones internacionales. <\/p>\n\n\n\n<h2 class=\"wp-block-heading\">Objetivos <\/h2>\n\n\n\n<p>Los fines de nuestra agrupaci\u00f3n est\u00e1n enmarcados dentro de los fines de la facultad de Ciencias, y definidos en el estatuto. Son los siguientes:<\/p>\n\n\n\n<div class=\"wp-block-columns alignwide are-vertically-aligned-center is-not-stacked-on-mobile has-background is-layout-flex wp-container-core-columns-is-layout-9d6595d7 wp-block-columns-is-layout-flex\" style=\"background:linear-gradient(109deg,rgb(246,245,245) 0%,rgb(242,251,255) 99%)\">\n<div class=\"wp-block-column is-vertically-aligned-center is-layout-flow wp-block-column-is-layout-flow\" style=\"flex-basis:100%\">\n<div class=\"wp-block-group is-vertical is-content-justification-center is-layout-flex wp-container-core-group-is-layout-46bec6ee wp-block-group-is-layout-flex\" style=\"padding-top:2em;padding-right:2em;padding-bottom:2em;padding-left:2em\">\n<ol class=\"has-medium-font-size wp-block-list\">\n<li>Difundir la Astronom\u00eda como ciencia, dentro de todo medio social que se requiera.<\/li>\n\n\n\n<li>Promover el estudio y desarrollo de la Astronom\u00eda, mediante actividades de divulgaci\u00f3n acad\u00e9mica y cient\u00edfica de la Astronom\u00eda y ciencias afines.<\/li>\n\n\n\n<li>Incentivar el estudio de la Astronom\u00eda te\u00f3rica y experimental, as\u00ed como la divulgaci\u00f3n de los trabajos realizados por sus miembros.<\/li>\n\n\n\n<li>Promover la interacci\u00f3n (y la posible incorporaci\u00f3n) t\u00e9cnica y acad\u00e9mica del Grupo Astronom\u00eda con instituciones de astronom\u00eda nacionales e internacionales.<\/li>\n\n\n\n<li>Promover la adquisici\u00f3n de equipos de astronom\u00eda y la asignaci\u00f3n de ambientes adecuados para el desarrollo de la Astronom\u00eda dentro de la universidad.<\/li>\n\n\n\n<li>Apoyar las actividades de divulgaci\u00f3n cient\u00edfica y cultural de la Universidad Nacional de Ingenier\u00eda.<\/li>\n<\/ol>\n<\/div>\n<\/div>\n<\/div>\n\n\n\n<div style=\"height:50px\" aria-hidden=\"true\" class=\"wp-block-spacer\"><\/div>\n\n\n\n<h2 class=\"wp-block-heading\">Profesor asesor y junta directiva<\/h2>\n\n\n\n<figure class=\"wp-block-gallery has-nested-images columns-4 is-cropped wp-block-gallery-1 is-layout-flex wp-block-gallery-is-layout-flex\">\n<figure class=\"wp-block-image size-full\"><img loading=\"lazy\" decoding=\"async\" width=\"351\" height=\"362\" data-id=\"843\" src=\"https:\/\/astronomia.uni.edu.pe\/wp-content\/uploads\/2023\/02\/JUlio11.jpg\" alt=\"\" class=\"wp-image-843\" srcset=\"https:\/\/astronomia.uni.edu.pe\/wp-content\/uploads\/2023\/02\/JUlio11.jpg 351w, https:\/\/astronomia.uni.edu.pe\/wp-content\/uploads\/2023\/02\/JUlio11-291x300.jpg 291w\" sizes=\"auto, (max-width: 351px) 100vw, 351px\" \/><figcaption class=\"wp-element-caption\">Dr. Julio Tello<br>Asesor<\/figcaption><\/figure>\n\n\n\n<figure class=\"wp-block-image size-full\"><img loading=\"lazy\" decoding=\"async\" width=\"549\" height=\"565\" data-id=\"844\" src=\"https:\/\/astronomia.uni.edu.pe\/wp-content\/uploads\/2023\/02\/ano.jpg\" alt=\"\" class=\"wp-image-844\" srcset=\"https:\/\/astronomia.uni.edu.pe\/wp-content\/uploads\/2023\/02\/ano.jpg 549w, https:\/\/astronomia.uni.edu.pe\/wp-content\/uploads\/2023\/02\/ano-292x300.jpg 292w\" sizes=\"auto, (max-width: 549px) 100vw, 549px\" \/><figcaption class=\"wp-element-caption\">Diego Alvarado<br>Presidente<\/figcaption><\/figure>\n\n\n\n<figure class=\"wp-block-image size-large\"><img loading=\"lazy\" decoding=\"async\" width=\"549\" height=\"565\" data-id=\"844\" src=\"https:\/\/astronomia.uni.edu.pe\/wp-content\/uploads\/2023\/02\/ano.jpg\" alt=\"\" class=\"wp-image-844\" srcset=\"https:\/\/astronomia.uni.edu.pe\/wp-content\/uploads\/2023\/02\/ano.jpg 549w, https:\/\/astronomia.uni.edu.pe\/wp-content\/uploads\/2023\/02\/ano-292x300.jpg 292w\" sizes=\"auto, (max-width: 549px) 100vw, 549px\" \/><figcaption class=\"wp-element-caption\">Sa\u00fal S\u00e1nchez<br>Secretario de asuntos acad\u00e9micos<\/figcaption><\/figure>\n\n\n\n<figure class=\"wp-block-image size-large\"><img loading=\"lazy\" decoding=\"async\" width=\"549\" height=\"565\" data-id=\"844\" src=\"https:\/\/astronomia.uni.edu.pe\/wp-content\/uploads\/2023\/02\/ano.jpg\" alt=\"\" class=\"wp-image-844\" srcset=\"https:\/\/astronomia.uni.edu.pe\/wp-content\/uploads\/2023\/02\/ano.jpg 549w, https:\/\/astronomia.uni.edu.pe\/wp-content\/uploads\/2023\/02\/ano-292x300.jpg 292w\" sizes=\"auto, (max-width: 549px) 100vw, 549px\" \/><figcaption class=\"wp-element-caption\">Jes\u00fas Delgado<br>Secretaria de Econom\u00eda<\/figcaption><\/figure>\n<\/figure>\n\n\n\n<div style=\"height:50px\" aria-hidden=\"true\" class=\"wp-block-spacer\"><\/div>\n\n\n\n<h2 class=\"wp-block-heading\">Miembros activos y adherentes<\/h2>\n\n\n\n<ul class=\"wp-block-list\">\n<li>Sa\u00fal S\u00e1nchez (Miembro activo)<\/li>\n\n\n\n<li>Jes\u00fas Delgado (Miembro activo)<\/li>\n\n\n\n<li>Paola Aponte (Miembro activo)<\/li>\n\n\n\n<li>Diego Alvarado (Miembro activo)<\/li>\n\n\n\n<li>Sergio Nu\u00f1ez (Miembro activo)<\/li>\n\n\n\n<li>Erika Torre (Miembro activo)<\/li>\n\n\n\n<li>Ir\u00e1n Ch\u00e1vez (Miembro adherente)<\/li>\n\n\n\n<li>Jorge Valenzuela (Miembro adherente)<\/li>\n<\/ul>\n\n\n\n<div style=\"height:50px\" aria-hidden=\"true\" class=\"wp-block-spacer\"><\/div>\n\n\n\n<h2 class=\"wp-block-heading\">Miembros consultores<\/h2>\n\n\n\n<ul class=\"wp-block-list\">\n<li>Dra. Mar\u00eda Isela Zevallos (Universidad Nacional de Ingenier\u00eda)<\/li>\n\n\n\n<li>PhD. Armando Bernui (Observatoria Nacional &#8211; Brasil)<\/li>\n\n\n\n<li>Dr. Nobar Baella (Instituto Geof\u00edsico del Per\u00fa)<\/li>\n\n\n\n<li>Dr. Antonio Pereyra (Instituto Geof\u00edsico del Per\u00fa)<\/li>\n\n\n\n<li>Dr. William Cori (Universidad Nacional de Ingenier\u00eda)<\/li>\n\n\n\n<li>Dr. Erick Meza (Comisi\u00f3n Nacional de Investigaci\u00f3n y Desarrollo Aeroespacial del Per\u00fa)<\/li>\n\n\n\n<li>Dr. William Hip\u00f3lito (Universidad Federal do Espiritu Santo &#8211; Brasil)<\/li>\n\n\n\n<li>BSc. Mario Zegarra (Comisi\u00f3n Nacional de Investigaci\u00f3n y Desarrollo Aeroespacial del Per\u00fa)<\/li>\n\n\n\n<li>Ph.D. Guido Granda (Instituto de Radioastronom\u00eda y Astrof\u00edsica &#8211; M\u00e9xico)<\/li>\n\n\n\n<li>BSc. Jos\u00e9 Ricra Mayorca (Observatorio astron\u00f3mico AFARI)<\/li>\n\n\n\n<li>Ph.D. V\u00edctor Valera Branco (Niels Bohr Institute)<\/li>\n\n\n\n<li>Estudiante de doctorado Jorge Romero Minaya (University of Colorado Boulder)<\/li>\n<\/ul>\n\n\n\n<div style=\"height:50px\" aria-hidden=\"true\" class=\"wp-block-spacer\"><\/div>\n\n\n\n<h2 class=\"wp-block-heading\">Ubicaci\u00f3n y contacto<\/h2>\n\n\n<div class=\"wp-block-avatar\"><img alt='Avatar de Grupo Astronomia' src='https:\/\/secure.gravatar.com\/avatar\/5331b227a2b766b61847e05da9ec9f5a51ef2bf6cb1caeab62b98c4f94a69727?s=104&#038;d=mm&#038;r=g' srcset='https:\/\/secure.gravatar.com\/avatar\/5331b227a2b766b61847e05da9ec9f5a51ef2bf6cb1caeab62b98c4f94a69727?s=208&#038;d=mm&#038;r=g 2x' class='avatar avatar-104 photo wp-block-avatar__image' height='104' width='104' \/><\/div>\n\n\n<p>El local de la agrupaci\u00f3n est\u00e1 ubicado en el segundo piso de la Facultad de Ciencias &#8211; UNI, en el aula R1 &#8211; 225 A. La puerta m\u00e1s cercana a la Facultad es la No. 5, en la intersecci\u00f3n de la Av. T\u00fapac Amaru y la Av. Honorio Delgado (R\u00edmac &#8211; Lima).<\/p>\n\n\n\n<ul class=\"wp-block-social-links is-layout-flex wp-block-social-links-is-layout-flex\"><li class=\"wp-social-link wp-social-link-mail  wp-block-social-link\"><a href=\"mailto:as&#116;rofc&#064;&#117;&#110;i.&#101;du&#046;&#112;e\" class=\"wp-block-social-link-anchor\"><svg width=\"24\" height=\"24\" viewBox=\"0 0 24 24\" version=\"1.1\" xmlns=\"http:\/\/www.w3.org\/2000\/svg\" aria-hidden=\"true\" focusable=\"false\"><path d=\"M19,5H5c-1.1,0-2,.9-2,2v10c0,1.1.9,2,2,2h14c1.1,0,2-.9,2-2V7c0-1.1-.9-2-2-2zm.5,12c0,.3-.2.5-.5.5H5c-.3,0-.5-.2-.5-.5V9.8l7.5,5.6,7.5-5.6V17zm0-9.1L12,13.6,4.5,7.9V7c0-.3.2-.5.5-.5h14c.3,0,.5.2.5.5v.9z\"><\/path><\/svg><span class=\"wp-block-social-link-label screen-reader-text\">Mail<\/span><\/a><\/li>\n\n<li class=\"wp-social-link wp-social-link-youtube  wp-block-social-link\"><a href=\"https:\/\/www.youtube.com\/@grupoastronomiauni9623\" class=\"wp-block-social-link-anchor\"><svg width=\"24\" height=\"24\" viewBox=\"0 0 24 24\" version=\"1.1\" xmlns=\"http:\/\/www.w3.org\/2000\/svg\" aria-hidden=\"true\" focusable=\"false\"><path d=\"M21.8,8.001c0,0-0.195-1.378-0.795-1.985c-0.76-0.797-1.613-0.801-2.004-0.847c-2.799-0.202-6.997-0.202-6.997-0.202 h-0.009c0,0-4.198,0-6.997,0.202C4.608,5.216,3.756,5.22,2.995,6.016C2.395,6.623,2.2,8.001,2.2,8.001S2,9.62,2,11.238v1.517 c0,1.618,0.2,3.237,0.2,3.237s0.195,1.378,0.795,1.985c0.761,0.797,1.76,0.771,2.205,0.855c1.6,0.153,6.8,0.201,6.8,0.201 s4.203-0.006,7.001-0.209c0.391-0.047,1.243-0.051,2.004-0.847c0.6-0.607,0.795-1.985,0.795-1.985s0.2-1.618,0.2-3.237v-1.517 C22,9.62,21.8,8.001,21.8,8.001z M9.935,14.594l-0.001-5.62l5.404,2.82L9.935,14.594z\"><\/path><\/svg><span class=\"wp-block-social-link-label screen-reader-text\">YouTube<\/span><\/a><\/li>\n\n<li class=\"wp-social-link wp-social-link-facebook  wp-block-social-link\"><a href=\"https:\/\/www.facebook.com\/GrupoAstronomia.UNI\/\" class=\"wp-block-social-link-anchor\"><svg width=\"24\" height=\"24\" viewBox=\"0 0 24 24\" version=\"1.1\" xmlns=\"http:\/\/www.w3.org\/2000\/svg\" aria-hidden=\"true\" focusable=\"false\"><path d=\"M12 2C6.5 2 2 6.5 2 12c0 5 3.7 9.1 8.4 9.9v-7H7.9V12h2.5V9.8c0-2.5 1.5-3.9 3.8-3.9 1.1 0 2.2.2 2.2.2v2.5h-1.3c-1.2 0-1.6.8-1.6 1.6V12h2.8l-.4 2.9h-2.3v7C18.3 21.1 22 17 22 12c0-5.5-4.5-10-10-10z\"><\/path><\/svg><span class=\"wp-block-social-link-label screen-reader-text\">Facebook<\/span><\/a><\/li>\n\n<li class=\"wp-social-link wp-social-link-instagram  wp-block-social-link\"><a href=\"https:\/\/www.instagram.com\/grupoastronomia\/\" class=\"wp-block-social-link-anchor\"><svg width=\"24\" height=\"24\" viewBox=\"0 0 24 24\" version=\"1.1\" xmlns=\"http:\/\/www.w3.org\/2000\/svg\" aria-hidden=\"true\" focusable=\"false\"><path d=\"M12,4.622c2.403,0,2.688,0.009,3.637,0.052c0.877,0.04,1.354,0.187,1.671,0.31c0.42,0.163,0.72,0.358,1.035,0.673 c0.315,0.315,0.51,0.615,0.673,1.035c0.123,0.317,0.27,0.794,0.31,1.671c0.043,0.949,0.052,1.234,0.052,3.637 s-0.009,2.688-0.052,3.637c-0.04,0.877-0.187,1.354-0.31,1.671c-0.163,0.42-0.358,0.72-0.673,1.035 c-0.315,0.315-0.615,0.51-1.035,0.673c-0.317,0.123-0.794,0.27-1.671,0.31c-0.949,0.043-1.233,0.052-3.637,0.052 s-2.688-0.009-3.637-0.052c-0.877-0.04-1.354-0.187-1.671-0.31c-0.42-0.163-0.72-0.358-1.035-0.673 c-0.315-0.315-0.51-0.615-0.673-1.035c-0.123-0.317-0.27-0.794-0.31-1.671C4.631,14.688,4.622,14.403,4.622,12 s0.009-2.688,0.052-3.637c0.04-0.877,0.187-1.354,0.31-1.671c0.163-0.42,0.358-0.72,0.673-1.035 c0.315-0.315,0.615-0.51,1.035-0.673c0.317-0.123,0.794-0.27,1.671-0.31C9.312,4.631,9.597,4.622,12,4.622 M12,3 C9.556,3,9.249,3.01,8.289,3.054C7.331,3.098,6.677,3.25,6.105,3.472C5.513,3.702,5.011,4.01,4.511,4.511 c-0.5,0.5-0.808,1.002-1.038,1.594C3.25,6.677,3.098,7.331,3.054,8.289C3.01,9.249,3,9.556,3,12c0,2.444,0.01,2.751,0.054,3.711 c0.044,0.958,0.196,1.612,0.418,2.185c0.23,0.592,0.538,1.094,1.038,1.594c0.5,0.5,1.002,0.808,1.594,1.038 c0.572,0.222,1.227,0.375,2.185,0.418C9.249,20.99,9.556,21,12,21s2.751-0.01,3.711-0.054c0.958-0.044,1.612-0.196,2.185-0.418 c0.592-0.23,1.094-0.538,1.594-1.038c0.5-0.5,0.808-1.002,1.038-1.594c0.222-0.572,0.375-1.227,0.418-2.185 C20.99,14.751,21,14.444,21,12s-0.01-2.751-0.054-3.711c-0.044-0.958-0.196-1.612-0.418-2.185c-0.23-0.592-0.538-1.094-1.038-1.594 c-0.5-0.5-1.002-0.808-1.594-1.038c-0.572-0.222-1.227-0.375-2.185-0.418C14.751,3.01,14.444,3,12,3L12,3z M12,7.378 c-2.552,0-4.622,2.069-4.622,4.622S9.448,16.622,12,16.622s4.622-2.069,4.622-4.622S14.552,7.378,12,7.378z M12,15 c-1.657,0-3-1.343-3-3s1.343-3,3-3s3,1.343,3,3S13.657,15,12,15z M16.804,6.116c-0.596,0-1.08,0.484-1.08,1.08 s0.484,1.08,1.08,1.08c0.596,0,1.08-0.484,1.08-1.08S17.401,6.116,16.804,6.116z\"><\/path><\/svg><span class=\"wp-block-social-link-label screen-reader-text\">Instagram<\/span><\/a><\/li>\n\n<li class=\"wp-social-link wp-social-link-twitter  wp-block-social-link\"><a href=\"https:\/\/twitter.com\/AstronomiaUNI\" class=\"wp-block-social-link-anchor\"><svg width=\"24\" height=\"24\" viewBox=\"0 0 24 24\" version=\"1.1\" xmlns=\"http:\/\/www.w3.org\/2000\/svg\" aria-hidden=\"true\" focusable=\"false\"><path d=\"M22.23,5.924c-0.736,0.326-1.527,0.547-2.357,0.646c0.847-0.508,1.498-1.312,1.804-2.27 c-0.793,0.47-1.671,0.812-2.606,0.996C18.324,4.498,17.257,4,16.077,4c-2.266,0-4.103,1.837-4.103,4.103 c0,0.322,0.036,0.635,0.106,0.935C8.67,8.867,5.647,7.234,3.623,4.751C3.27,5.357,3.067,6.062,3.067,6.814 c0,1.424,0.724,2.679,1.825,3.415c-0.673-0.021-1.305-0.206-1.859-0.513c0,0.017,0,0.034,0,0.052c0,1.988,1.414,3.647,3.292,4.023 c-0.344,0.094-0.707,0.144-1.081,0.144c-0.264,0-0.521-0.026-0.772-0.074c0.522,1.63,2.038,2.816,3.833,2.85 c-1.404,1.1-3.174,1.756-5.096,1.756c-0.331,0-0.658-0.019-0.979-0.057c1.816,1.164,3.973,1.843,6.29,1.843 c7.547,0,11.675-6.252,11.675-11.675c0-0.178-0.004-0.355-0.012-0.531C20.985,7.47,21.68,6.747,22.23,5.924z\"><\/path><\/svg><span class=\"wp-block-social-link-label screen-reader-text\">Twitter<\/span><\/a><\/li><\/ul>\n\n\n\n<p><\/p>\n","protected":false},"excerpt":{"rendered":"<p>La Asociaci\u00f3n Estudiantil Astronom\u00eda (hasta el a\u00f1o 2018 denominado Grupo Astronom\u00eda) est\u00e1 formado en su mayor\u00eda por estudiantes de la &hellip; <\/p>\n","protected":false},"author":1,"featured_media":0,"parent":0,"menu_order":0,"comment_status":"closed","ping_status":"closed","template":"","meta":{"footnotes":""},"class_list":["post-27","page","type-page","status-publish","hentry"],"_links":{"self":[{"href":"https:\/\/astronomia.uni.edu.pe\/index.php\/wp-json\/wp\/v2\/pages\/27","targetHints":{"allow":["GET"]}}],"collection":[{"href":"https:\/\/astronomia.uni.edu.pe\/index.php\/wp-json\/wp\/v2\/pages"}],"about":[{"href":"https:\/\/astronomia.uni.edu.pe\/index.php\/wp-json\/wp\/v2\/types\/page"}],"author":[{"embeddable":true,"href":"https:\/\/astronomia.uni.edu.pe\/index.php\/wp-json\/wp\/v2\/users\/1"}],"replies":[{"embeddable":true,"href":"https:\/\/astronomia.uni.edu.pe\/index.php\/wp-json\/wp\/v2\/comments?post=27"}],"version-history":[{"count":64,"href":"https:\/\/astronomia.uni.edu.pe\/index.php\/wp-json\/wp\/v2\/pages\/27\/revisions"}],"predecessor-version":[{"id":1317,"href":"https:\/\/astronomia.uni.edu.pe\/index.php\/wp-json\/wp\/v2\/pages\/27\/revisions\/1317"}],"wp:attachment":[{"href":"https:\/\/astronomia.uni.edu.pe\/index.php\/wp-json\/wp\/v2\/media?parent=27"}],"curies":[{"name":"wp","href":"https:\/\/api.w.org\/{rel}","templated":true}]}}