{"id":101,"date":"2022-10-01T11:15:33","date_gmt":"2022-10-01T16:15:33","guid":{"rendered":"https:\/\/astronomia.uni.edu.pe\/?page_id=101"},"modified":"2022-10-26T20:09:02","modified_gmt":"2022-10-27T01:09:02","slug":"epaa","status":"publish","type":"page","link":"https:\/\/astronomia.uni.edu.pe\/index.php\/investigacion\/epaa\/","title":{"rendered":"Encuentro Peruano de Astronom\u00eda y Astrof\u00edsica EPAA"},"content":{"rendered":"\n<p>El Encuentro Peruano de Astronom\u00eda y Astrof\u00edsica EPAA, es un evento que busca la interacci\u00f3n entre investigadores y estudiantes, no solo en el \u00e1rea de Astronom\u00eda sino tambi\u00e9n en \u00e1reas afines a ella, busca difundir el trabajo de investigaci\u00f3n y de divulgaci\u00f3n desarrolladas fuera y dentro del pa\u00eds, de esta manera motivar a la comunidad astron\u00f3mica peruana, inform\u00e1ndola, adiestr\u00e1ndola en diversas t\u00e9cnicas astron\u00f3micas e invit\u00e1ndola a que inicie y\/o contin\u00fae su labor en aras del desarrollo de la Astronom\u00eda como ciencia en el Per\u00fa.<\/p>\n\n\n\n<div class=\"wp-block-columns is-layout-flex wp-container-core-columns-is-layout-9d6595d7 wp-block-columns-is-layout-flex\">\n<div class=\"wp-block-column is-layout-flow wp-block-column-is-layout-flow\"><div class=\"wp-block-image\">\n<figure class=\"aligncenter size-full is-resized\"><img loading=\"lazy\" decoding=\"async\" src=\"https:\/\/astronomia.uni.edu.pe\/wp-content\/uploads\/2022\/10\/Encuentro_peruano_de_astronomia_y_astrofisica.jpg\" alt=\"\" class=\"wp-image-147\" width=\"187\" height=\"263\"\/><\/figure>\n<\/div><\/div>\n\n\n\n<div class=\"wp-block-column is-layout-flow wp-block-column-is-layout-flow\"><div class=\"wp-block-image\">\n<figure class=\"aligncenter size-full is-resized\"><img loading=\"lazy\" decoding=\"async\" src=\"https:\/\/astronomia.uni.edu.pe\/wp-content\/uploads\/2022\/10\/poster_EPAA_2010.png\" alt=\"\" class=\"wp-image-149\" width=\"191\" height=\"268\"\/><\/figure>\n<\/div><\/div>\n\n\n\n<div class=\"wp-block-column is-layout-flow wp-block-column-is-layout-flow\"><div class=\"wp-block-image\">\n<figure class=\"aligncenter size-full is-resized\"><img loading=\"lazy\" decoding=\"async\" src=\"https:\/\/astronomia.uni.edu.pe\/wp-content\/uploads\/2022\/10\/epaa2016.jpeg\" alt=\"\" class=\"wp-image-150\" width=\"192\" height=\"271\"\/><\/figure>\n<\/div><\/div>\n<\/div>\n\n\n\n<p>Estamos actualizando nuestra p\u00e1gina web. \u00daltima actualizaci\u00f3n 26.10.22. <\/p>\n","protected":false},"excerpt":{"rendered":"<p>El Encuentro Peruano de Astronom\u00eda y Astrof\u00edsica EPAA, es un evento que busca la interacci\u00f3n entre investigadores y estudiantes, no &hellip; <\/p>\n","protected":false},"author":1,"featured_media":0,"parent":10,"menu_order":0,"comment_status":"closed","ping_status":"closed","template":"","meta":{"footnotes":""},"class_list":["post-101","page","type-page","status-publish","hentry"],"_links":{"self":[{"href":"https:\/\/astronomia.uni.edu.pe\/index.php\/wp-json\/wp\/v2\/pages\/101","targetHints":{"allow":["GET"]}}],"collection":[{"href":"https:\/\/astronomia.uni.edu.pe\/index.php\/wp-json\/wp\/v2\/pages"}],"about":[{"href":"https:\/\/astronomia.uni.edu.pe\/index.php\/wp-json\/wp\/v2\/types\/page"}],"author":[{"embeddable":true,"href":"https:\/\/astronomia.uni.edu.pe\/index.php\/wp-json\/wp\/v2\/users\/1"}],"replies":[{"embeddable":true,"href":"https:\/\/astronomia.uni.edu.pe\/index.php\/wp-json\/wp\/v2\/comments?post=101"}],"version-history":[{"count":5,"href":"https:\/\/astronomia.uni.edu.pe\/index.php\/wp-json\/wp\/v2\/pages\/101\/revisions"}],"predecessor-version":[{"id":224,"href":"https:\/\/astronomia.uni.edu.pe\/index.php\/wp-json\/wp\/v2\/pages\/101\/revisions\/224"}],"up":[{"embeddable":true,"href":"https:\/\/astronomia.uni.edu.pe\/index.php\/wp-json\/wp\/v2\/pages\/10"}],"wp:attachment":[{"href":"https:\/\/astronomia.uni.edu.pe\/index.php\/wp-json\/wp\/v2\/media?parent=101"}],"curies":[{"name":"wp","href":"https:\/\/api.w.org\/{rel}","templated":true}]}}